{"id":5485,"date":"2023-04-28T13:41:35","date_gmt":"2023-04-28T13:41:35","guid":{"rendered":"https:\/\/crosschildren.org\/?page_id=5485"},"modified":"2023-12-13T19:34:24","modified_gmt":"2023-12-13T19:34:24","slug":"be-chosen","status":"publish","type":"page","link":"https:\/\/crosschildren.org\/de\/be-chosen\/","title":{"rendered":"Werde Wunschpate"},"content":{"rendered":"<div data-elementor-type=\"wp-page\" data-elementor-id=\"5485\" class=\"elementor elementor-5485\">\n\t\t\t\t<div class=\"elementor-element elementor-element-da2f1b1 e-flex e-con-boxed e-con e-parent\" data-id=\"da2f1b1\" data-element_type=\"container\" data-e-type=\"container\" data-settings=\"{&quot;background_background&quot;:&quot;classic&quot;}\">\n\t\t\t\t\t<div class=\"e-con-inner\">\n\t\t\t\t<div class=\"elementor-element elementor-element-96ab25c elementor-widget elementor-widget-text-editor\" data-id=\"96ab25c\" data-element_type=\"widget\" data-e-type=\"widget\" data-widget_type=\"text-editor.default\">\n\t\t\t\t<div class=\"elementor-widget-container\">\n\t\t\t\t\t\t\t\t\t<p>Werde Wunschpate<\/p>\t\t\t\t\t\t\t\t<\/div>\n\t\t\t\t<\/div>\n\t\t\t\t<div class=\"elementor-element elementor-element-3fedb34 elementor-widget elementor-widget-heading\" data-id=\"3fedb34\" data-element_type=\"widget\" data-e-type=\"widget\" data-widget_type=\"heading.default\">\n\t\t\t\t<div class=\"elementor-widget-container\">\n\t\t\t\t\t<h2 class=\"elementor-heading-title elementor-size-default\">GIB EINEM KIND<br>DIE M\u00d6GLICHKEIT, DICH ZU W\u00c4HLEN<\/h2>\t\t\t\t<\/div>\n\t\t\t\t<\/div>\n\t\t\t\t\t<\/div>\n\t\t\t\t<\/div>\n\t\t<div class=\"elementor-element elementor-element-7027125 e-flex e-con-boxed e-con e-parent\" data-id=\"7027125\" data-element_type=\"container\" data-e-type=\"container\" data-settings=\"{&quot;background_background&quot;:&quot;classic&quot;}\">\n\t\t\t\t\t<div class=\"e-con-inner\">\n\t\t\t\t<div class=\"elementor-element elementor-element-6cafcff elementor-widget elementor-widget-heading\" data-id=\"6cafcff\" data-element_type=\"widget\" data-e-type=\"widget\" data-widget_type=\"heading.default\">\n\t\t\t\t<div class=\"elementor-widget-container\">\n\t\t\t\t\t<h5 class=\"elementor-heading-title elementor-size-default\">NUR IN 3 SCHRITTEN<\/h5>\t\t\t\t<\/div>\n\t\t\t\t<\/div>\n\t\t\t\t<div class=\"elementor-element elementor-element-c6a8fb0 elementor-widget elementor-widget-timeline-widget-addon\" data-id=\"c6a8fb0\" data-element_type=\"widget\" data-e-type=\"widget\" data-widget_type=\"timeline-widget-addon.default\">\n\t\t\t\t<div class=\"elementor-widget-container\">\n\t\t\t\t\t<!-- ========= Timeline Widget Addon For Elementor 1.6.24 ========= -->\n<div id=\"twae-wrapper-c6a8fb0\" class=\"twae-vertical twae-wrapper  twae-both-sided\">   \n    <div class=\"twae-start\"><\/div>    \n    <div id=\"twea-timeline-c6a8fb0\" class=\"twae-timeline\" ><!-- Start of Story Repeater Content --><div id=\"story-2e54f33\" class=\"twae-story twae-repeater-item twae-story-right twae-story-no-icon\"><!-- Story Label --><div class=\"twae-labels\"><div class=\"twae-label-big\">Schritt 1 <\/div><div class=\"twae-label-small\">Registriere Dich<\/div><\/div><!-- Story Icon --><div class=\"twae-icon\"><i aria-hidden=\"true\" class=\"fas fa-arrow-circle-right\"><\/i><\/div><!-- Story Arrow --><div class=\"twae-arrow\"><\/div><!-- Start of Story Content --><div class=\"twae-content\"><!-- Story Title --><div class=\"twae-title\">F\u00fclle das untenstehende Formular incl. mit einem Foto aus.<\/div><!-- Story Image --><div class=\"twae-media large\"><img fetchpriority=\"high\" decoding=\"async\" width=\"840\" height=\"681\" src=\"https:\/\/crosschildren.org\/wp-content\/uploads\/2023\/08\/CrossChildren_Be_Chosen.jpg\" class=\"attachment-large size-large\" alt=\"CrossChildren_Be_Chosen\" srcset=\"https:\/\/crosschildren.org\/wp-content\/uploads\/2023\/08\/CrossChildren_Be_Chosen.jpg 840w, https:\/\/crosschildren.org\/wp-content\/uploads\/2023\/08\/CrossChildren_Be_Chosen-300x243.jpg 300w, https:\/\/crosschildren.org\/wp-content\/uploads\/2023\/08\/CrossChildren_Be_Chosen-768x623.jpg 768w, https:\/\/crosschildren.org\/wp-content\/uploads\/2023\/08\/CrossChildren_Be_Chosen-15x12.jpg 15w, https:\/\/crosschildren.org\/wp-content\/uploads\/2023\/08\/CrossChildren_Be_Chosen-600x486.jpg 600w, https:\/\/crosschildren.org\/wp-content\/uploads\/2023\/08\/CrossChildren_Be_Chosen-74x60.jpg 74w, https:\/\/crosschildren.org\/wp-content\/uploads\/2023\/08\/CrossChildren_Be_Chosen-111x90.jpg 111w\" sizes=\"(max-width: 840px) 100vw, 840px\" \/><\/div><!-- Story Description --><div class=\"twae-description\"><ul><li><strong>Du kannst entweder Dein eigenes Foto oder Familienfoto hochladen. <\/strong><\/li><li><strong>Bitte achte darauf, dass Dein Foto eine gute Qualit\u00e4t hat. Format: JPG\/PNG<\/strong><\/li><li><strong>Klicke auf den Button unten, um das Formular mit dem Bild auszuf\u00fcllen.<\/strong><\/li><\/ul><\/div><\/div><\/div><!-- Start of Story Repeater Content --><div id=\"story-01e3c7d\" class=\"twae-story twae-repeater-item twae-story-left twae-story-no-icon\"><!-- Story Label --><div class=\"twae-labels\"><div class=\"twae-label-big\">Schritt 2 <\/div><div class=\"twae-label-small\">Wir organisieren eine Veranstaltung<\/div><\/div><!-- Story Icon --><div class=\"twae-icon\"><i aria-hidden=\"true\" class=\"fas fa-arrow-circle-left\"><\/i><\/div><!-- Story Arrow --><div class=\"twae-arrow\"><\/div><!-- Start of Story Content --><div class=\"twae-content\"><!-- Story Title --><div class=\"twae-title\">Das Kind wird Dich ausw\u00e4hlen<\/div><!-- Story Image --><div class=\"twae-media large\"><img decoding=\"async\" width=\"596\" height=\"247\" src=\"https:\/\/crosschildren.org\/wp-content\/uploads\/2023\/04\/CrossChildren-be_chosen.png\" class=\"attachment-large size-large\" alt=\"\" srcset=\"https:\/\/crosschildren.org\/wp-content\/uploads\/2023\/04\/CrossChildren-be_chosen.png 596w, https:\/\/crosschildren.org\/wp-content\/uploads\/2023\/04\/CrossChildren-be_chosen-300x124.png 300w, https:\/\/crosschildren.org\/wp-content\/uploads\/2023\/04\/CrossChildren-be_chosen-18x7.png 18w\" sizes=\"(max-width: 596px) 100vw, 596px\"><\/div><!-- Story Description --><div class=\"twae-description\"><p><strong>Wir werden alle Fotos den Kindern von den Personen zeigen\/aufh\u00e4ngen, die eine Patenschaft \u00fcbernehmen m\u00f6chten. Sei gespannt, welches Kind Gott zu Dir f\u00fchrt und Dich w\u00e4hlt.<\/strong><\/p><\/div><\/div><\/div><!-- Start of Story Repeater Content --><div id=\"story-80ee2f5\" class=\"twae-story twae-repeater-item twae-story-right twae-story-no-icon\"><!-- Story Label --><div class=\"twae-labels\"><div class=\"twae-label-big\">Schritt 3<\/div><div class=\"twae-label-small\">Du erh\u00e4ltst Informationen<\/div><\/div><!-- Story Icon --><div class=\"twae-icon\"><i aria-hidden=\"true\" class=\"fas fa-check-circle\"><\/i><\/div><!-- Story Arrow --><div class=\"twae-arrow\"><\/div><!-- Start of Story Content --><div class=\"twae-content\"><!-- Story Title --><div class=\"twae-title\">Du erh\u00e4ltst eine E-Mail, dass ein Kind Dich ausgew\u00e4hlt hat. <\/div><!-- Story Image --><div class=\"twae-media large\"><img decoding=\"async\" width=\"691\" height=\"742\" src=\"https:\/\/crosschildren.org\/wp-content\/uploads\/2023\/04\/CrossChildren_be_chosen.png\" class=\"attachment-large size-large\" alt=\"\" srcset=\"https:\/\/crosschildren.org\/wp-content\/uploads\/2023\/04\/CrossChildren_be_chosen.png 691w, https:\/\/crosschildren.org\/wp-content\/uploads\/2023\/04\/CrossChildren_be_chosen-279x300.png 279w, https:\/\/crosschildren.org\/wp-content\/uploads\/2023\/04\/CrossChildren_be_chosen-11x12.png 11w, https:\/\/crosschildren.org\/wp-content\/uploads\/2023\/04\/CrossChildren_be_chosen-600x644.png 600w\" sizes=\"(max-width: 691px) 100vw, 691px\"><\/div><!-- Story Description --><div class=\"twae-description\"><ul><li><strong>Du erh\u00e4ltst alle Daten des Kindes und einen Link, mit dem Du dieses Kind mit Deiner Gabe unterst\u00fctzen kannst.<\/strong><\/li><li><strong>Deine Gabe wird jeden Monat automatisch abgebucht.<\/strong><\/li><\/ul><\/div><\/div><\/div><\/div>\n    <div class=\"twae-end\"><\/div>\n    <\/div><style type=\"text\/css\">@media (max-width: 1024px){ .twae-wrapper{--tw-ybx-size: 80px !important;}}@media (max-width: 767px){ .twae-wrapper{--tw-ybx-size: 80px !important}}<\/style>\t\t\t\t<\/div>\n\t\t\t\t<\/div>\n\t\t\t\t<div class=\"elementor-element elementor-element-752a5d0 elementor-widget elementor-widget-heading\" data-id=\"752a5d0\" data-element_type=\"widget\" data-e-type=\"widget\" data-widget_type=\"heading.default\">\n\t\t\t\t<div class=\"elementor-widget-container\">\n\t\t\t\t\t<h5 class=\"elementor-heading-title elementor-size-default\">SO EINFACH!<\/h5>\t\t\t\t<\/div>\n\t\t\t\t<\/div>\n\t\t\t\t\t<\/div>\n\t\t\t\t<\/div>\n\t\t<div class=\"elementor-element elementor-element-2ddaa9c e-flex e-con-boxed e-con e-parent\" data-id=\"2ddaa9c\" data-element_type=\"container\" data-e-type=\"container\">\n\t\t\t\t\t<div class=\"e-con-inner\">\n\t\t<div class=\"elementor-element elementor-element-2d0f2b6 e-flex e-con-boxed e-con e-child\" data-id=\"2d0f2b6\" data-element_type=\"container\" data-e-type=\"container\" data-settings=\"{&quot;background_background&quot;:&quot;gradient&quot;}\">\n\t\t\t\t\t<div class=\"e-con-inner\">\n\t\t\t\t<div class=\"elementor-element elementor-element-be9b1fe elementor-widget elementor-widget-image\" data-id=\"be9b1fe\" data-element_type=\"widget\" data-e-type=\"widget\" data-widget_type=\"image.default\">\n\t\t\t\t<div class=\"elementor-widget-container\">\n\t\t\t\t\t\t\t\t\t\t\t\t\t\t\t<img loading=\"lazy\" decoding=\"async\" width=\"524\" height=\"349\" src=\"https:\/\/crosschildren.org\/wp-content\/uploads\/2023\/04\/CrossChildren_Applicaton_be_choosen.png\" class=\"attachment-large size-large wp-image-5671\" alt=\"CrossChildren_Application_be_choosen\" srcset=\"https:\/\/crosschildren.org\/wp-content\/uploads\/2023\/04\/CrossChildren_Applicaton_be_choosen.png 524w, https:\/\/crosschildren.org\/wp-content\/uploads\/2023\/04\/CrossChildren_Applicaton_be_choosen-300x200.png 300w, https:\/\/crosschildren.org\/wp-content\/uploads\/2023\/04\/CrossChildren_Applicaton_be_choosen-18x12.png 18w\" sizes=\"(max-width: 524px) 100vw, 524px\" \/>\t\t\t\t\t\t\t\t\t\t\t\t\t\t\t<\/div>\n\t\t\t\t<\/div>\n\t\t\t\t<div class=\"elementor-element elementor-element-90dda53 elementor-widget elementor-widget-heading\" data-id=\"90dda53\" data-element_type=\"widget\" data-e-type=\"widget\" data-widget_type=\"heading.default\">\n\t\t\t\t<div class=\"elementor-widget-container\">\n\t\t\t\t\t<h2 class=\"elementor-heading-title elementor-size-default\">Registriere Dich jetzt, um das Leben eines Kindes zu erleichtern und zu ver\u00e4ndern.<\/h2>\t\t\t\t<\/div>\n\t\t\t\t<\/div>\n\t\t\t\t<div class=\"elementor-element elementor-element-a7e0b27 elementor-align-center elementor-widget elementor-widget-button\" data-id=\"a7e0b27\" data-element_type=\"widget\" data-e-type=\"widget\" data-widget_type=\"button.default\">\n\t\t\t\t<div class=\"elementor-widget-container\">\n\t\t\t\t\t\t\t\t\t<div class=\"elementor-button-wrapper\">\n\t\t\t\t\t<a class=\"elementor-button elementor-button-link elementor-size-sm\" href=\"https:\/\/be-chosen.crosschildren.org\/de\/\">\n\t\t\t\t\t\t<span class=\"elementor-button-content-wrapper\">\n\t\t\t\t\t\t\t\t\t<span class=\"elementor-button-text\">F\u00dcLLE JETZT DAS FORMULAR AUS<\/span>\n\t\t\t\t\t<\/span>\n\t\t\t\t\t<\/a>\n\t\t\t\t<\/div>\n\t\t\t\t\t\t\t\t<\/div>\n\t\t\t\t<\/div>\n\t\t\t\t\t<\/div>\n\t\t\t\t<\/div>\n\t\t\t\t\t<\/div>\n\t\t\t\t<\/div>\n\t\t<div class=\"elementor-element elementor-element-f173acf e-flex e-con-boxed e-con e-parent\" data-id=\"f173acf\" data-element_type=\"container\" data-e-type=\"container\">\n\t\t\t\t\t<div class=\"e-con-inner\">\n\t\t\t\t<div class=\"elementor-element elementor-element-9702030 elementor-widget elementor-widget-heading\" data-id=\"9702030\" data-element_type=\"widget\" data-e-type=\"widget\" data-widget_type=\"heading.default\">\n\t\t\t\t<div class=\"elementor-widget-container\">\n\t\t\t\t\t<h1 class=\"elementor-heading-title elementor-size-default\">DU BIST GEW\u00c4HLT<\/h1>\t\t\t\t<\/div>\n\t\t\t\t<\/div>\n\t\t\t\t\t<\/div>\n\t\t\t\t<\/div>\n\t\t<div class=\"elementor-element elementor-element-d6c53a8 e-flex e-con-boxed e-con e-parent\" data-id=\"d6c53a8\" data-element_type=\"container\" data-e-type=\"container\">\n\t\t\t\t\t<div class=\"e-con-inner\">\n\t\t<div class=\"elementor-element elementor-element-ba8555e e-con-full e-flex e-con e-child\" data-id=\"ba8555e\" data-element_type=\"container\" data-e-type=\"container\">\n\t\t\t\t<div class=\"elementor-element elementor-element-a9de20e elementor-widget elementor-widget-image\" data-id=\"a9de20e\" data-element_type=\"widget\" data-e-type=\"widget\" data-widget_type=\"image.default\">\n\t\t\t\t<div class=\"elementor-widget-container\">\n\t\t\t\t\t\t\t\t\t\t\t\t\t\t\t<img loading=\"lazy\" decoding=\"async\" width=\"150\" height=\"150\" src=\"https:\/\/crosschildren.org\/wp-content\/uploads\/2023\/04\/CrossChildren.org_How_Child_Sponsorship_works__2_-removebg-preview.png\" class=\"attachment-large size-large wp-image-4221\" alt=\"\" srcset=\"https:\/\/crosschildren.org\/wp-content\/uploads\/2023\/04\/CrossChildren.org_How_Child_Sponsorship_works__2_-removebg-preview.png 150w, https:\/\/crosschildren.org\/wp-content\/uploads\/2023\/04\/CrossChildren.org_How_Child_Sponsorship_works__2_-removebg-preview-12x12.png 12w, https:\/\/crosschildren.org\/wp-content\/uploads\/2023\/04\/CrossChildren.org_How_Child_Sponsorship_works__2_-removebg-preview-100x100.png 100w, https:\/\/crosschildren.org\/wp-content\/uploads\/2023\/04\/CrossChildren.org_How_Child_Sponsorship_works__2_-removebg-preview-60x60.png 60w, https:\/\/crosschildren.org\/wp-content\/uploads\/2023\/04\/CrossChildren.org_How_Child_Sponsorship_works__2_-removebg-preview-90x90.png 90w\" sizes=\"(max-width: 150px) 100vw, 150px\">\t\t\t\t\t\t\t\t\t\t\t\t\t\t\t<\/div>\n\t\t\t\t<\/div>\n\t\t\t\t<div class=\"elementor-element elementor-element-97bb686 elementor-widget elementor-widget-heading\" data-id=\"97bb686\" data-element_type=\"widget\" data-e-type=\"widget\" data-widget_type=\"heading.default\">\n\t\t\t\t<div class=\"elementor-widget-container\">\n\t\t\t\t\t<h2 class=\"elementor-heading-title elementor-size-default\">Ein Kind mag gerade DICH<\/h2>\t\t\t\t<\/div>\n\t\t\t\t<\/div>\n\t\t\t\t<div class=\"elementor-element elementor-element-78ad3ac elementor-widget elementor-widget-text-editor\" data-id=\"78ad3ac\" data-element_type=\"widget\" data-e-type=\"widget\" data-widget_type=\"text-editor.default\">\n\t\t\t\t<div class=\"elementor-widget-container\">\n\t\t\t\t\t\t\t\t\t<p>Wie sch\u00f6n! Gott hat das Herz eines Kindes ber\u00fchrt, Dich zu w\u00e4hlen! Du wirst \u00fcber das Kind und andere Details informiert. Das Kind ist sehr beeindruckt und dankbar f\u00fcr Deine Liebe und Dein Mitgef\u00fchl.\u00a0<\/p>\t\t\t\t\t\t\t\t<\/div>\n\t\t\t\t<\/div>\n\t\t\t\t<\/div>\n\t\t<div class=\"elementor-element elementor-element-5a871e6 e-con-full e-flex e-con e-child\" data-id=\"5a871e6\" data-element_type=\"container\" data-e-type=\"container\">\n\t\t<div class=\"elementor-element elementor-element-8eb0f8d e-flex e-con-boxed e-con e-child\" data-id=\"8eb0f8d\" data-element_type=\"container\" data-e-type=\"container\">\n\t\t\t\t\t<div class=\"e-con-inner\">\n\t\t\t\t<div class=\"elementor-element elementor-element-42a2149 elementor-widget elementor-widget-image\" data-id=\"42a2149\" data-element_type=\"widget\" data-e-type=\"widget\" data-widget_type=\"image.default\">\n\t\t\t\t<div class=\"elementor-widget-container\">\n\t\t\t\t\t\t\t\t\t\t\t\t\t\t\t<img loading=\"lazy\" decoding=\"async\" width=\"150\" height=\"150\" src=\"https:\/\/crosschildren.org\/wp-content\/uploads\/2023\/04\/CrossChildren.org_How_Child_Sponsorship_works__1_-removebg-preview.png\" class=\"attachment-large size-large wp-image-4220\" alt=\"\" srcset=\"https:\/\/crosschildren.org\/wp-content\/uploads\/2023\/04\/CrossChildren.org_How_Child_Sponsorship_works__1_-removebg-preview.png 150w, https:\/\/crosschildren.org\/wp-content\/uploads\/2023\/04\/CrossChildren.org_How_Child_Sponsorship_works__1_-removebg-preview-12x12.png 12w, https:\/\/crosschildren.org\/wp-content\/uploads\/2023\/04\/CrossChildren.org_How_Child_Sponsorship_works__1_-removebg-preview-100x100.png 100w, https:\/\/crosschildren.org\/wp-content\/uploads\/2023\/04\/CrossChildren.org_How_Child_Sponsorship_works__1_-removebg-preview-60x60.png 60w, https:\/\/crosschildren.org\/wp-content\/uploads\/2023\/04\/CrossChildren.org_How_Child_Sponsorship_works__1_-removebg-preview-90x90.png 90w\" sizes=\"(max-width: 150px) 100vw, 150px\">\t\t\t\t\t\t\t\t\t\t\t\t\t\t\t<\/div>\n\t\t\t\t<\/div>\n\t\t\t\t<div class=\"elementor-element elementor-element-f3fbbfb elementor-widget elementor-widget-heading\" data-id=\"f3fbbfb\" data-element_type=\"widget\" data-e-type=\"widget\" data-widget_type=\"heading.default\">\n\t\t\t\t<div class=\"elementor-widget-container\">\n\t\t\t\t\t<h2 class=\"elementor-heading-title elementor-size-default\">Verbinde Dich<\/h2>\t\t\t\t<\/div>\n\t\t\t\t<\/div>\n\t\t\t\t<div class=\"elementor-element elementor-element-51fc09b elementor-widget elementor-widget-text-editor\" data-id=\"51fc09b\" data-element_type=\"widget\" data-e-type=\"widget\" data-widget_type=\"text-editor.default\">\n\t\t\t\t<div class=\"elementor-widget-container\">\n\t\t\t\t\t\t\t\t\t<p>Schreibe einen Brief und sende Deine Fotos, Videos, Geburtstagsgr\u00fc\u00dfe, W\u00fcnsche f\u00fcr Weihnachten, zum neuen Jahr etc. Dein Patenkind wird Dir auch mindestens einmal im Jahr einen Brief von Hand schreiben.<\/p>\t\t\t\t\t\t\t\t<\/div>\n\t\t\t\t<\/div>\n\t\t\t\t\t<\/div>\n\t\t\t\t<\/div>\n\t\t<div class=\"elementor-element elementor-element-29c035f e-flex e-con-boxed e-con e-child\" data-id=\"29c035f\" data-element_type=\"container\" data-e-type=\"container\">\n\t\t\t\t\t<div class=\"e-con-inner\">\n\t\t\t\t<div class=\"elementor-element elementor-element-f1dc6af elementor-widget elementor-widget-image\" data-id=\"f1dc6af\" data-element_type=\"widget\" data-e-type=\"widget\" data-widget_type=\"image.default\">\n\t\t\t\t<div class=\"elementor-widget-container\">\n\t\t\t\t\t\t\t\t\t\t\t\t\t\t\t<img loading=\"lazy\" decoding=\"async\" width=\"150\" height=\"150\" src=\"https:\/\/crosschildren.org\/wp-content\/uploads\/2023\/04\/CrossChildren.org_How_Child_Sponsorship_works__3_-removebg-preview.png\" class=\"attachment-large size-large wp-image-4222\" alt=\"\" srcset=\"https:\/\/crosschildren.org\/wp-content\/uploads\/2023\/04\/CrossChildren.org_How_Child_Sponsorship_works__3_-removebg-preview.png 150w, https:\/\/crosschildren.org\/wp-content\/uploads\/2023\/04\/CrossChildren.org_How_Child_Sponsorship_works__3_-removebg-preview-12x12.png 12w, https:\/\/crosschildren.org\/wp-content\/uploads\/2023\/04\/CrossChildren.org_How_Child_Sponsorship_works__3_-removebg-preview-100x100.png 100w, https:\/\/crosschildren.org\/wp-content\/uploads\/2023\/04\/CrossChildren.org_How_Child_Sponsorship_works__3_-removebg-preview-60x60.png 60w, https:\/\/crosschildren.org\/wp-content\/uploads\/2023\/04\/CrossChildren.org_How_Child_Sponsorship_works__3_-removebg-preview-90x90.png 90w\" sizes=\"(max-width: 150px) 100vw, 150px\">\t\t\t\t\t\t\t\t\t\t\t\t\t\t\t<\/div>\n\t\t\t\t<\/div>\n\t\t\t\t<div class=\"elementor-element elementor-element-8b750ca elementor-widget elementor-widget-heading\" data-id=\"8b750ca\" data-element_type=\"widget\" data-e-type=\"widget\" data-widget_type=\"heading.default\">\n\t\t\t\t<div class=\"elementor-widget-container\">\n\t\t\t\t\t<h2 class=\"elementor-heading-title elementor-size-default\">Gib dem Kind in seiner Familie eine Zukunft.<\/h2>\t\t\t\t<\/div>\n\t\t\t\t<\/div>\n\t\t\t\t<div class=\"elementor-element elementor-element-4b17292 elementor-widget elementor-widget-text-editor\" data-id=\"4b17292\" data-element_type=\"widget\" data-e-type=\"widget\" data-widget_type=\"text-editor.default\">\n\t\t\t\t<div class=\"elementor-widget-container\">\n\t\t\t\t\t\t\t\t\t<p>Deine langfristige Unterst\u00fctzung gibt Deinem Patenkind eine lebensver\u00e4ndernde Chance f\u00fcr eine ganzheitliche Entwicklung. Deine Patenschaft schafft eine Verbindung, die fundamentale Hilfe in der Armut bietet und den Grundstein f\u00fcr eine bessere Zukunft legen kann.<\/p>\t\t\t\t\t\t\t\t<\/div>\n\t\t\t\t<\/div>\n\t\t\t\t\t<\/div>\n\t\t\t\t<\/div>\n\t\t\t\t<\/div>\n\t\t\t\t\t<\/div>\n\t\t\t\t<\/div>\n\t\t<div class=\"elementor-element elementor-element-ff9ae8a e-flex e-con-boxed e-con e-parent\" data-id=\"ff9ae8a\" data-element_type=\"container\" data-e-type=\"container\">\n\t\t\t\t\t<div class=\"e-con-inner\">\n\t\t\t\t<div class=\"elementor-element elementor-element-7082834 elementor-widget elementor-widget-heading\" data-id=\"7082834\" data-element_type=\"widget\" data-e-type=\"widget\" data-widget_type=\"heading.default\">\n\t\t\t\t<div class=\"elementor-widget-container\">\n\t\t\t\t\t<h1 class=\"elementor-heading-title elementor-size-default\">FAQ<\/h1>\t\t\t\t<\/div>\n\t\t\t\t<\/div>\n\t\t\t\t\t<\/div>\n\t\t\t\t<\/div>\n\t\t<div class=\"elementor-element elementor-element-55f5be6 e-flex e-con-boxed e-con e-parent\" data-id=\"55f5be6\" data-element_type=\"container\" data-e-type=\"container\">\n\t\t\t\t\t<div class=\"e-con-inner\">\n\t\t<div class=\"elementor-element elementor-element-524ede2 e-flex e-con-boxed e-con e-child\" data-id=\"524ede2\" data-element_type=\"container\" data-e-type=\"container\">\n\t\t\t\t\t<div class=\"e-con-inner\">\n\t\t\t\t<div class=\"elementor-element elementor-element-62893cd elementor-widget elementor-widget-text-editor\" data-id=\"62893cd\" data-element_type=\"widget\" data-e-type=\"widget\" data-widget_type=\"text-editor.default\">\n\t\t\t\t<div class=\"elementor-widget-container\">\n\t\t\t\t\t\t\t\t\t<p>Wenn Du Fragen hast, gehe einfach auf die <a href=\"https:\/\/crosschildren.org\/de\/faq\/\" target=\"_blank\" rel=\"noreferrer noopener\" data-type=\"URL\" data-id=\"https:\/\/crosschildren.org\/faq\/\">FAQ<\/a>-seite, wo wir alle Fragen unserer Paten kurz und b\u00fcndig erkl\u00e4rt haben. Wenn Du keine Antwort auf Deine Fragen gefunden hast, nutze bitte den Live-Chat oder sende uns eine E-Mail. Wir helfen Dir gerne weiter.<\/p>\t\t\t\t\t\t\t\t<\/div>\n\t\t\t\t<\/div>\n\t\t\t\t\t<\/div>\n\t\t\t\t<\/div>\n\t\t\t\t\t<\/div>\n\t\t\t\t<\/div>\n\t\t\t\t<\/div>","protected":false},"excerpt":{"rendered":"<p>Be Chosen GIVE A CHILD A CHOICETO CHOOSE YOU JUST IN 3 STEPS Step 1 Register yourselfFill out the form below with a photo. You can either upload your own photo or a family photo. Please make sure that your photo has a good quality. Format: JPG\/PNG Click the BUTTON below to fill out the [&hellip;]<\/p>\n","protected":false},"author":73,"featured_media":0,"parent":0,"menu_order":0,"comment_status":"closed","ping_status":"closed","template":"","meta":{"nf_dc_page":"","footnotes":""},"class_list":["post-5485","page","type-page","status-publish","hentry"],"blocksy_meta":[],"_links":{"self":[{"href":"https:\/\/crosschildren.org\/de\/wp-json\/wp\/v2\/pages\/5485","targetHints":{"allow":["GET"]}}],"collection":[{"href":"https:\/\/crosschildren.org\/de\/wp-json\/wp\/v2\/pages"}],"about":[{"href":"https:\/\/crosschildren.org\/de\/wp-json\/wp\/v2\/types\/page"}],"author":[{"embeddable":true,"href":"https:\/\/crosschildren.org\/de\/wp-json\/wp\/v2\/users\/73"}],"replies":[{"embeddable":true,"href":"https:\/\/crosschildren.org\/de\/wp-json\/wp\/v2\/comments?post=5485"}],"version-history":[{"count":5,"href":"https:\/\/crosschildren.org\/de\/wp-json\/wp\/v2\/pages\/5485\/revisions"}],"predecessor-version":[{"id":9312,"href":"https:\/\/crosschildren.org\/de\/wp-json\/wp\/v2\/pages\/5485\/revisions\/9312"}],"wp:attachment":[{"href":"https:\/\/crosschildren.org\/de\/wp-json\/wp\/v2\/media?parent=5485"}],"curies":[{"name":"wp","href":"https:\/\/api.w.org\/{rel}","templated":true}]}}