{"id":6316,"date":"2023-05-02T18:14:05","date_gmt":"2023-05-02T18:14:05","guid":{"rendered":"https:\/\/crosschildren.org\/?page_id=6316"},"modified":"2023-06-23T17:46:47","modified_gmt":"2023-06-23T17:46:47","slug":"privacy-policy","status":"publish","type":"page","link":"https:\/\/crosschildren.org\/de\/privacy-policy\/","title":{"rendered":"Datenschutz"},"content":{"rendered":"<div data-elementor-type=\"wp-page\" data-elementor-id=\"6316\" class=\"elementor elementor-6316\">\n\t\t\t\t\t\t<section class=\"elementor-section elementor-top-section elementor-element elementor-element-56222137 elementor-section-boxed elementor-section-height-default elementor-section-height-default\" data-id=\"56222137\" data-element_type=\"section\" data-e-type=\"section\">\n\t\t\t\t\t\t<div class=\"elementor-container elementor-column-gap-default\">\n\t\t\t\t\t<div class=\"elementor-column elementor-col-100 elementor-top-column elementor-element elementor-element-57385254\" data-id=\"57385254\" data-element_type=\"column\" data-e-type=\"column\">\n\t\t\t<div class=\"elementor-widget-wrap elementor-element-populated\">\n\t\t\t\t\t\t<div class=\"elementor-element elementor-element-1a2f85c3 elementor-widget elementor-widget-text-editor\" data-id=\"1a2f85c3\" data-element_type=\"widget\" data-e-type=\"widget\" data-widget_type=\"text-editor.default\">\n\t\t\t\t<div class=\"elementor-widget-container\">\n\t\t\t\t\t\t\t\t\t<p><\/p>\n<p><\/p>\n<h1 class=\"wp-block-heading\"><strong>DATENSCHUTZ&nbsp;<\/strong><\/h1>\n<h2>Wer wir sind<\/h2>\n<p><\/p>\n<p>Wir sind eine christliche gemeinn\u00fctzige Organisation\/Verein. Wir dienen Jesus allein. F\u00fcr mehr Informationen, besuchen Sie hier: <a href=\"https:\/\/crossquestions.org\/about\/\" target=\"_blank\" rel=\"noopener\">\u00dcber uns<\/a><\/p>\n<p><\/p>\n<h2 class=\"wp-block-heading\">Arten der erfassten Daten<\/h2>\n<p><\/p>\n<h4 class=\"wp-block-heading\">Personenbezogene Daten<\/h4>\n<p><\/p>\n<p>Im Rahmen der Nutzung unseres Dienstes bitten wir Sie gegebenenfalls um die Zurverf\u00fcgungstellung bestimmter pers\u00f6nlich identifizierbarer Daten, die wir dazu nutzen, um Sie zu kontaktieren oder zu identifizieren (\u201epersonenbezogene Daten\u201c). Pers\u00f6nlich identifizierbare Daten umfassen beispielsweise folgende Daten (sind jedoch nicht auf diese beschr\u00e4nkt): 1. Email addresse 2. Cookies und Nutzungsdaten 3. Kommentare 4. Feedback.<\/p>\n<p><\/p>\n<p>Wir nutzen Ihre personenbezogenen Daten gegebenenfalls daf\u00fcr, um Ihnen Newsletters, Werbematerialien und sonstige Informationen zu \u00fcbersenden, die f\u00fcr Sie von Interesse sein k\u00f6nnten. Sie k\u00f6nnen bestimmte oder alle unserer derartigen Mitteilungen deaktivieren, indem Sie auf den entsprechenden Deaktivierungslink klicken, die diesbez\u00fcglichen Anweisungen in unseren E-Mails befolgen oder Kontakt zu uns aufnehmen.<\/p>\n<p><\/p>\n<h2 class=\"wp-block-heading\">Rechtliche Grundlage f\u00fcr die Verarbeitung personenbezogener Daten nach Ma\u00dfgabe der Datenschutz-Grundverordnung (DSGVO)<\/h2>\n<p><\/p>\n<p>Falls sich Ihr Wohnsitz innerhalb des Europ\u00e4ischen Wirtschaftsraums (EWR) befindet, h\u00e4ngt die rechtliche Grundlage von CrossChildren f\u00fcr die Erfassung und Nutzung der in dieser Datenschutz-Richtlinie beschriebenen personenbezogenen Daten von den von uns erfassten personenbezogenen Daten sowie von dem erfassungsspezifischen Kontext ab.<\/p>\n<p><\/p>\n<p>Wir bei CrossChildren k\u00f6nnen Ihre personenbezogenen Daten aus folgenden Gr\u00fcnden verarbeiten:<\/p>\n<p><\/p>\n<ul class=\"wp-block-list\">\n<li style=\"list-style-type: none;\">\n<ul><\/ul>\n<\/li>\n<\/ul>\n<ul>\n<li style=\"list-style-type: none;\">\n<ul>\n<li>Wir m\u00fcssen einen mit Ihnen eingegangen Vertrag erf\u00fcllen.<\/li>\n<\/ul>\n<\/li>\n<\/ul>\n<p><\/p>\n<ul>\n<li style=\"list-style-type: none;\">\n<ul>\n<li>Sie haben uns hierzu Ihre Zustimmung erteilt.<\/li>\n<\/ul>\n<\/li>\n<\/ul>\n<p><\/p>\n<ul>\n<li style=\"list-style-type: none;\">\n<ul>\n<li>Die Verarbeitung dient unseren legitimen Interessen, und diese sind Ihren Rechten gegen\u00fcber nicht nachrangig.<\/li>\n<\/ul>\n<\/li>\n<\/ul>\n<p><\/p>\n<ul>\n<li style=\"list-style-type: none;\">\n<ul>\n<li>Die Verarbeitung dient Zahlungsverarbeitungszwecken.<\/li>\n<\/ul>\n<\/li>\n<\/ul>\n<p><\/p>\n<ul>\n<li style=\"list-style-type: none;\">\n<ul>\n<li>Die Verarbeitung dient der Einhaltung der gesetzlichen Bestimmungen.<\/li>\n<\/ul>\n<\/li>\n<\/ul>\n<p><\/p>\n<p><\/p>\n<h2 class=\"wp-block-heading\">Aufbewahrung von Daten<\/h2>\n<p><\/p>\n<p>CrossChildren wird Ihre personenbezogenen Daten nur so lange aufbewahren, wie dies f\u00fcr die Zwecke dieser Datenschutz-Richtlinie erforderlich ist. Wir werden Ihre personenbezogenen Daten in dem Umfang aufbewahren und nutzen, wie es f\u00fcr die Erf\u00fcllung unserer gesetzlichen Pflichten (falls wir Ihre Daten beispielsweise zur Einhaltung anwendbarer Gesetze aufbewahren m\u00fcssen), zur Beilegung von Streitigkeiten sowie zur Durchsetzung unserer rechtlichen Vereinbarungen und Richtlinien erforderlich ist.<\/p>\n<p><\/p>\n<p>CrossChildren wird au\u00dferdem Nutzungsdaten f\u00fcr interne Analysezwecke aufbewahren. Nutzungsdaten werden \u00fcblicherweise f\u00fcr k\u00fcrzere Zeitr\u00e4ume aufbewahrt, soweit diese nicht f\u00fcr eine Verst\u00e4rkung unserer Sicherheitsvorkehrungen oder eine Verbesserung der Funktionalit\u00e4t unseres Dienstes eingesetzt werden oder wir nicht gesetzlich zu einer l\u00e4ngeren Aufbewahrung verpflichtet sind.<\/p>\n<p><\/p>\n<h2 class=\"wp-block-heading\">Datensicherheit<\/h2>\n<p><\/p>\n<p>Die Sicherheit Ihrer Daten ist uns wichtig. Bitte vergessen Sie jedoch nicht, dass es keine \u00dcbertragungsmethoden \u00fcber das Internet und keine elektronischen Speichermedien gibt, die 100 % sicher sind. Obwohl wir stets bem\u00fcht sind, kommerziell annehmbare Ma\u00dfnahmen zum Schutz Ihrer personenbezogenen Daten umzusetzen, k\u00f6nnen wir eine absolute Sicherheit nicht garantieren.<\/p>\n<p><\/p>\n<h2 class=\"wp-block-heading\">Datentransfer<\/h2>\n<p><\/p>\n<p>Wir werden Ihre Daten niemals an andere Unternehmen weitergeben und wenn wir einige Ihrer Daten weitergeben, dann nur innerhalb von CrossChildren.org.<\/p>\n<p><\/p>\n<h2 class=\"wp-block-heading\">Ihre Datenschutzrechte im Rahmen der Datenschutz-Grundverordnung (DSGVO)<\/h2>\n<p><\/p>\n<p>Soweit sich Ihr Wohnsitz innerhalb des Europ\u00e4ischen Wirtschaftsraums (EWR) befindet, haben Sie bestimmte Datenschutzrechte. CrossChildren ist bestrebt, zumutbare Ma\u00dfnahmen umzusetzen, die es Ihnen erlauben, Ihre personenbezogenen Daten zu korrigieren, zu \u00e4ndern, zu l\u00f6schen oder deren Nutzung zu beschr\u00e4nken.<\/p>\n<p><\/p>\n<p>Falls Sie in Erfahrung bringen m\u00f6chten, welche personenbezogenen Daten wir zu Ihnen gespeichert haben, und falls Sie eine L\u00f6schung Ihrer Daten aus unserem System w\u00fcnschen, nehmen Sie bitte Kontakt zu uns auf.<\/p>\n<p><\/p>\n<p>Unter bestimmten Umst\u00e4nden haben Sie die folgenden Datenschutzrechte:<\/p>\n<p><\/p>\n<ul class=\"wp-block-list\">\n<li style=\"list-style-type: none;\">\n<ul><\/ul>\n<\/li>\n<\/ul>\n<ul>\n<li style=\"list-style-type: none;\">\n<ul>\n<li><strong>Das Recht auf Zugriff auf die Daten, die wir zu Ihnen gespeichert haben, sowie auf deren Aktualisierung bzw. L\u00f6schung:<\/strong> Soweit dies jeweils m\u00f6glich ist, k\u00f6nnen Sie auf Ihre personenbezogenen Daten direkt in dem Abschnitt mit Ihren Account-Einstellungen zugreifen sowie diese aktualisieren bzw. um deren L\u00f6schung bitten. Falls es Ihnen nicht m\u00f6glich ist, diese Handlungen selbst vorzunehmen, nehmen Sie bitte Kontakt zu uns auf, damit wir Ihnen behilflich sein k\u00f6nnen.<\/li>\n<\/ul>\n<\/li>\n<\/ul>\n<p><\/p>\n<ul>\n<li style=\"list-style-type: none;\">\n<ul>\n<li><strong>Das Recht auf Berichtigung:<\/strong>&nbsp;Sie haben das Recht auf Berichtigung Ihrer Daten, falls diese unzutreffend oder unvollst\u00e4ndig sein sollten.<\/li>\n<\/ul>\n<\/li>\n<\/ul>\n<p><\/p>\n<ul>\n<li style=\"list-style-type: none;\">\n<ul>\n<li><strong>Das Recht auf Widerspruch:<\/strong>&nbsp;Sie haben das Recht, einer Verarbeitung Ihrer personenbezogenen Daten durch uns zu widersprechen.<\/li>\n<\/ul>\n<\/li>\n<\/ul>\n<p><\/p>\n<ul>\n<li style=\"list-style-type: none;\">\n<ul>\n<li><strong>Das Recht auf Beschr\u00e4nkung:<\/strong>&nbsp;Sie haben das Recht, die Verarbeitung Ihrer personenbezogenen Daten durch uns zu beschr\u00e4nken.<\/li>\n<\/ul>\n<\/li>\n<\/ul>\n<p><\/p>\n<ul>\n<li style=\"list-style-type: none;\">\n<ul>\n<li><strong>Das Recht auf Datenportabilit\u00e4t:<\/strong>&nbsp;Sie haben das Recht, von uns die Aush\u00e4ndigung einer Abschrift der Daten, die wir zu Ihnen gespeichert haben, in einem strukturierten, maschinenlesbaren und \u00fcblichen Format zu verlangen.<\/li>\n<\/ul>\n<\/li>\n<\/ul>\n<p><\/p>\n<ul>\n<li style=\"list-style-type: none;\">\n<ul>\n<li><strong>Das Recht auf Zustimmungsr\u00fccknahme:<\/strong> Sie haben au\u00dferdem das Recht, Ihre Zustimmung in F\u00e4llen, in denen CrossChildren sich auf Ihre Zustimmung zur Verarbeitung Ihrer personenbezogenen Daten verlassen hat, jederzeit zur\u00fcckzunehmen.<\/li>\n<\/ul>\n<\/li>\n<\/ul>\n<p><\/p>\n<p><\/p>\n<p>Bitte nehmen Sie zur Kenntnis, dass wir vor einer Bearbeitung solcher Anfragen gegebenenfalls Ihre Identit\u00e4t \u00fcberpr\u00fcfen.<\/p>\n<p><\/p>\n<p>Sie haben das Recht, in Bezug auf die Erfassung und Nutzung Ihrer personenbezogenen Daten eine Beschwerde bei einer Datenschutzbeh\u00f6rde einzulegen. N\u00e4here Informationen in diesem Zusammenhang k\u00f6nnen Sie von der f\u00fcr Sie \u00f6rtlich zust\u00e4ndigen Datenschutzbeh\u00f6rde innerhalb des Europ\u00e4ischen Wirtschaftsraums (EWR) erfragen.<\/p>\n<p><\/p>\n<h2 class=\"wp-block-heading\">Zahlungen<\/h2>\n<p><\/p>\n<p>Wir stellen Dienstleistungen innerhalb unseres Dienstes zur Verf\u00fcgung. In diesem Fall setzen wir dritte Zahlungsanbieter f\u00fcr die Zahlungsbearbeitung ein.<\/p>\n<p><\/p>\n<p>Wir werden Ihre Zahlungskartenangaben weder speichern noch erfassen. Diese Daten werden direkt den genannten dritten Zahlungsanbietern \u00fcbermittelt, deren Nutzung Ihrer personenbezogenen Daten deren jeweiliger Datenschutz-Richtlinie (Privacy Policy) unterliegt. Die genannten Zahlungsanbieter halten sich an die Standards, die von PCI-DSS unter Verwaltung des PCI Security Standards Council erstellt wurden. Letzterer ist ein gemeinsames Projekt von Markennamen wie beispielsweise Visa, MasterCard, American Express und Discover. Die PCI-DSS-Anforderungen unterst\u00fctzen eine sichere Handhabung von Zahlungsdaten.<\/p>\n<p><\/p>\n<p>Bei den von uns eingesetzten Zahlungsanbietern handelt es sich um:<\/p>\n<p><\/p>\n<ul class=\"wp-block-list\">\n<li style=\"list-style-type: none;\">\n<ul><\/ul>\n<\/li>\n<\/ul>\n<ul>\n<li style=\"list-style-type: none;\">\n<ul>\n<li><strong>Stripe<\/strong>: Die Datenschutz-Richtlinie (Privacy Policy) von Stripe k\u00f6nnen Sie hier&nbsp;<a href=\"https:\/\/stripe.com\/us\/privacy\" target=\"_blank\" rel=\"noreferrer noopener\">https:\/\/stripe.com\/us\/privacy<\/a><\/li>\n<\/ul>\n<\/li>\n<\/ul>\n<p><\/p>\n<ul>\n<li style=\"list-style-type: none;\">\n<ul>\n<li><strong>PayPal<\/strong>: Die Datenschutz-Richtlinie (Privacy Policy) von Stripe k\u00f6nnen Sie hier&nbsp;<a href=\"https:\/\/www.paypal.com\/webapps\/mpp\/ua\/privacy-full\" target=\"_blank\" rel=\"noreferrer noopener\">https:\/\/www.paypal.com\/webapps\/mpp\/ua\/privacy-full<\/a><\/li>\n<\/ul>\n<\/li>\n<\/ul>\n<p><\/p>\n<p><\/p>\n<p><\/p>\n<h2 class=\"wp-block-heading\">\u00c4nderungen dieser Datenschutz-Richtlinie<\/h2>\n<p><\/p>\n<p>Wir k\u00f6nnen unsere Datenschutz-Richtlinie von Zeit zu Zeit aktualisieren. Jegliche solcher \u00c4nderungen teilen wir Ihnen mit, indem wir die aktualisierte Fassung auf dieser Seite ver\u00f6ffentlichen.<\/p>\n<p><\/p>\n<p>Wir werden Sie vor dem Inkrafttreten der betreffenden \u00c4nderung per E-Mail und\/oder mittels einer sonstigen sichtbaren Mitteilung innerhalb unseres Dienstes informieren und das \u201eDatum des Inkrafttretens\u201c am Beginn dieser Datenschutz-Richtlinie aktualisieren.<\/p>\n<p><\/p>\n<p>Wir empfehlen Ihnen, diese Datenschutz-Richtlinie regelm\u00e4\u00dfig auf \u00c4nderungen hin durchzusehen. \u00c4nderungen dieser Datenschutz-Richtlinie werden im Zeitpunkt ihrer Ver\u00f6ffentlichung auf dieser Seite wirksam.<\/p>\n<p><\/p>\n<h2 class=\"wp-block-heading\">Kontaktaufnahme<\/h2>\n<p><\/p>\n<p>F\u00fcr alle Anfragen zu Ihren Daten oder unserem Dienst an Gott und den armen Kindern: <a href=\"https:\/\/crosschildren.org\/de\/contact\/\">Kontaktaufnahme<\/a><\/p>\n<p><\/p>\t\t\t\t\t\t\t\t<\/div>\n\t\t\t\t<\/div>\n\t\t\t\t\t<\/div>\n\t\t<\/div>\n\t\t\t\t\t<\/div>\n\t\t<\/section>\n\t\t\t\t<\/div>","protected":false},"excerpt":{"rendered":"<p>PRIVACY POLICY&nbsp; Who we are We are a Christian non-profit organization. We serve Jesus alone. For more information check out: About us Types of Data Collected Personal Data While using our Service, we may ask you to provide us with certain personally identifiable information that can be used to contact or identify you (\u201cPersonal Data\u201d). [&hellip;]<\/p>\n","protected":false},"author":73,"featured_media":0,"parent":0,"menu_order":0,"comment_status":"closed","ping_status":"closed","template":"","meta":{"nf_dc_page":"","footnotes":""},"class_list":["post-6316","page","type-page","status-publish","hentry"],"blocksy_meta":{"disable_header":"yes","has_hero_section":"disabled"},"_links":{"self":[{"href":"https:\/\/crosschildren.org\/de\/wp-json\/wp\/v2\/pages\/6316","targetHints":{"allow":["GET"]}}],"collection":[{"href":"https:\/\/crosschildren.org\/de\/wp-json\/wp\/v2\/pages"}],"about":[{"href":"https:\/\/crosschildren.org\/de\/wp-json\/wp\/v2\/types\/page"}],"author":[{"embeddable":true,"href":"https:\/\/crosschildren.org\/de\/wp-json\/wp\/v2\/users\/73"}],"replies":[{"embeddable":true,"href":"https:\/\/crosschildren.org\/de\/wp-json\/wp\/v2\/comments?post=6316"}],"version-history":[{"count":1,"href":"https:\/\/crosschildren.org\/de\/wp-json\/wp\/v2\/pages\/6316\/revisions"}],"predecessor-version":[{"id":7362,"href":"https:\/\/crosschildren.org\/de\/wp-json\/wp\/v2\/pages\/6316\/revisions\/7362"}],"wp:attachment":[{"href":"https:\/\/crosschildren.org\/de\/wp-json\/wp\/v2\/media?parent=6316"}],"curies":[{"name":"wp","href":"https:\/\/api.w.org\/{rel}","templated":true}]}}