{"id":6606,"date":"2023-05-11T18:35:46","date_gmt":"2023-05-11T18:35:46","guid":{"rendered":"https:\/\/crosschildren.org\/?page_id=6606"},"modified":"2023-06-24T15:29:59","modified_gmt":"2023-06-24T15:29:59","slug":"child-protection","status":"publish","type":"page","link":"https:\/\/crosschildren.org\/de\/child-protection\/","title":{"rendered":"KINDERSCHUTZ"},"content":{"rendered":"<h4 class=\"wp-block-heading\"><strong>KONTAKT ZWISCHEN PATE UND PATENKIND<\/strong><\/h4>\n\n\n\n<p>Obwohl die meisten Paten und Spender von CrossChildren International Ministries unsere Werte f\u00fcr einen respektvollen und f\u00fcrsorglichen Umgang mit Kindern teilen, m\u00fcssen wir bedauerlicherweise immer wieder feststellen, dass einige Personen das Kinder-Patenschaftsprogramm f\u00fcr unangemessene Zwecke nutzen m\u00f6chten. Um auf diese traurige Realit\u00e4t zu reagieren, hat CrossChildren spezifische Richtlinien f\u00fcr die Kommunikation zwischen Paten und Kindern entwickelt, die eingehalten werden m\u00fcssen. Diese Richtlinien sollen sicherstellen, dass die Kinder angemessen gesch\u00fctzt werden und dass alle Interaktionen zwischen Paten und Kindern im Rahmen unserer Werte und Prinzipien stattfinden.<\/p>\n\n\n\n<h5 class=\"wp-block-heading\"><strong>1. KORRESPONDENZ ZWISCHEN PATE UND PATENKIND<\/strong><\/h5>\n\n\n\n<p>CrossChildren \u00fcberpr\u00fcft die Briefe von Paten, um sicherzustellen, dass sie im Einklang mit den Grundwerten der Organisation bzw. des Vereins stehen. Jegliche Kommunikation, Nachrichten, Fotos oder Videos in <strong>Mein Patenkind<\/strong> Portal, die nicht mit diesen Werten \u00fcbereinstimmen, werden von CrossChildren nicht an die Kinder weitergeleitet. Diese \u00dcberpr\u00fcfung gew\u00e4hrleistet, dass die Kinder nur positive und unterst\u00fctzende Nachrichten von ihren Paten erhalten, die dazu beitragen, ihr Wohlbefinden und ihre Entwicklung zu f\u00f6rdern.<\/p>\n\n\n\n<h5 class=\"wp-block-heading\"><strong>2. BESUCHE DES PATEN BEI DEM KIND<\/strong><\/h5>\n\n\n\n<p>Um einen Besuch zwischen Paten und ihrem Patenkind zu organisieren, m\u00fcssen Paten die CrossChildren International Ministries mindestens 8 Wochen vor dem geplanten Besuch kontaktieren. Bevor ein Besuch stattfinden kann, muss der Pate den Richtlinien f\u00fcr einen Patenbesuch zustimmen. Es ist wichtig zu beachten, dass der Pate das Patenkind nur f\u00fcr maximal 1-2 Tage besuchen darf. Diese Einschr\u00e4nkung dient dazu, das Wohlbefinden des Kindes zu sch\u00fctzen und sicherzustellen, dass das Patenschaftsprogramm weiterhin reibungslos verl\u00e4uft. Es d\u00fcrfen auch nicht Kontakt-Daten wie Telefon, E-Mail und Social Medien ausgetauscht werden, - mehr Information dazu in Absatz 4 und 5.<\/p>\n\n\n\n<h5 class=\"wp-block-heading\"><strong>3. <\/strong>KINDERINFORMATIONEN<\/h5>\n\n\n\n<p>Bei CrossChildren steht der Schutz von Kindern an erster Stelle. Wir sind \u00fcberzeugt, dass es nicht nur wichtig ist, Kinder vor Missbrauch zu sch\u00fctzen, sondern auch vor Handlungen, die sie anf\u00e4lliger f\u00fcr Missbrauch machen k\u00f6nnen. Viele Kinder, die von uns unterst\u00fctzt werden, leben in schwierigen Umst\u00e4nden, gepr\u00e4gt von Armut, gesundheitlichen Problemen und famili\u00e4ren Herausforderungen. Es ist uns ein besonderes Anliegen, die Privatsph\u00e4re jeder Familie zu sch\u00fctzen und die W\u00fcrde jedes Kindes zu bewahren. Daher erwarten wir von unseren Paten, dass sie Informationen und Fotos der Kinder respektvoll und sensibel behandeln und sich bewusst sind, wie ihre Handlungen das Wohlbefinden der Kinder beeinflussen k\u00f6nnen.<\/p>\n\n\n\n<h5 class=\"wp-block-heading\"><strong>4. TELEFON, E-MAIL, SOZIALE MEDIEN<\/strong><\/h5>\n\n\n\n<p>CrossChildren verh\u00e4lt sich strikt gegen den direkten (digital) Kontakt zwischen Paten und Kindern \u00fcber soziale Netzwerke. Diese Haltung beruht in erster Linie auf dem Kinderschutz, den wir sehr ernst nehmen. Aber auch vor unangenehmen Anfragen, wie Geldforderungen, die vielleicht nicht einmal vom Kind selbst, sondern von Menschen in seinem Umfeld kommen, sollte der Pate gesch\u00fctzt werden.<\/p>\n\n\n\n<p>Deshalb bitten wir auch unsere Paten ausdr\u00fccklich, jeglichen Kontakt \u00fcber soziale Netzwerke mit dem Patenkind, seinen Angeh\u00f6rigen oder Freunden zu unterlassen! Bitte teile uns mit, wenn Dein Patenkind oder ihm nahestehende Personen versuchen, Dich auf diesem Wege zu kontaktieren.<\/p>\n\n\n\n<p>Viele Eltern ihrer Kinder sind nicht damit einverstanden, \u00fcber soziale Medien wie WhatsApp, Instagram usw. Kontakt zu Fremden\/Sponsoren aus anderen L\u00e4ndern zu haben. Es ist strengstens untersagt. Au\u00dferdem erlauben Eltern ihren Kindern nicht, Social-Media-Apps in sehr jungen Jahren zu nutzen, und sie haben nicht genug Geld daf\u00fcr. CrossChildren m\u00f6chte Probleme wie sexuelle Gespr\u00e4che, Bel\u00e4stigung, Erpressung usw. vermeiden. Wenn Du Pate bist, wirst Du nur \u00fcber das Portal ''Mein Patenkind'' \u00fcber das Kind informiert.<\/p>\n\n\n\n<p>Es ist auch m\u00f6glich, dass andere Personen im Umfeld Deines Patenkindes versuchen, mit Dir zu chatten und nach Geld fragen usw. Bitte informiere uns, wenn Dir jemand den Namen Deines Patenkindes schreibt.<\/p>\n\n\n\n<p>Du darfst Kontakt zu deinem Patenkind haben, aber nur \u00fcber CrossChildren. ''Mein Patenkind'' Portal hat eine Funktion wie Facebook, Instagram oder WhatsApp. Dort kann jeder Pate mit dem Kind teilen, was ihm auf dem Herzen liegt.<\/p>\n\n\n\n<h5 class=\"wp-block-heading\"><strong>5. Briefadresse<\/strong><\/h5>\n\n\n\n<p>Der handschriftliche Briefkontakt mit dem Patenkind ist eine wunderbare Gelegenheit, das Kind und sein Umfeld besser kennenzulernen und zu verstehen. Dein Patenkind freut sich \u00fcber Post von Dir. Auch eine kurze Begr\u00fc\u00dfung ist ein Zeichen liebevoller Wertsch\u00e4tzung und tr\u00e4gt zur kindlichen Entwicklung bei. Wenn Du eine Patenschaft f\u00fcr ein Kind \u00fcbernehmen m\u00f6chtest, besteht immer die M\u00f6glichkeit, aktiv an seinem Leben teilzunehmen.<\/p>\n\n\n\n<p>Die Briefanschrift der Paten wird den Kindern nicht mitgeteilt. Der Absender der Briefe von den  Kindern wird den Paten nicht mitgeteilt, solange die Patenschaft besteht. Leider gibt es einige Personen, die die Adresse der Patenbriefe ausnutzen, um Geld einzufordern, indem sie mitteilen, dass das Kind krank ist oder einen Unfall hatte usw., d.h. also, dass sie falsche Informationen versenden. Bedauerlicherweise missbrauchen einige Personen auch die Adresse der Kinder, was zu unangenehmen Situationen f\u00fcr die Kinder und ihre Familien gef\u00fchrt hat. Deshalb ist der Kontakt zwischen Paten und Patenkindern nur \u00fcber das Portal \u201aMein Patenkind\u2018 m\u00f6glich. Alle anderen Wege sind von CrossChildren strengstens untersagt.<\/p>\n\n\n\n<p><\/p>\n\n\n\n<p><\/p>\n\n\n\n<p><strong>Wer unsere Richtlinien missachtet oder missbraucht und dieses Verhalten bei CrossChildren offenkundig wird, muss mit unangenehmen finanziellen und juristischen Konsequenzen rechnen.<\/strong><\/p>\n\n\n\n<p><\/p>\n\n\n\n<p><strong>HAUPTSITZ<\/strong><\/p>\n\n\n\n<p>CrossChildren International Ministries<br>Deutschland, BW<\/p>","protected":false},"excerpt":{"rendered":"<p>CONTACT BETWEEN SPONSOR AND SPONSORED CHILD Although most sponsors and donors of CrossChildren International Ministries share our values for respectful and caring interaction with children, we, unfortunately, find repeatedly that some people want to use the child sponsorship program for inappropriate means. To respond to this sad reality, CrossChildren has developed specific guidelines for communication [&hellip;]<\/p>\n","protected":false},"author":73,"featured_media":0,"parent":0,"menu_order":0,"comment_status":"closed","ping_status":"closed","template":"","meta":{"nf_dc_page":"","footnotes":""},"class_list":["post-6606","page","type-page","status-publish","hentry"],"blocksy_meta":{"disable_header":"yes"},"_links":{"self":[{"href":"https:\/\/crosschildren.org\/de\/wp-json\/wp\/v2\/pages\/6606","targetHints":{"allow":["GET"]}}],"collection":[{"href":"https:\/\/crosschildren.org\/de\/wp-json\/wp\/v2\/pages"}],"about":[{"href":"https:\/\/crosschildren.org\/de\/wp-json\/wp\/v2\/types\/page"}],"author":[{"embeddable":true,"href":"https:\/\/crosschildren.org\/de\/wp-json\/wp\/v2\/users\/73"}],"replies":[{"embeddable":true,"href":"https:\/\/crosschildren.org\/de\/wp-json\/wp\/v2\/comments?post=6606"}],"version-history":[{"count":1,"href":"https:\/\/crosschildren.org\/de\/wp-json\/wp\/v2\/pages\/6606\/revisions"}],"predecessor-version":[{"id":7358,"href":"https:\/\/crosschildren.org\/de\/wp-json\/wp\/v2\/pages\/6606\/revisions\/7358"}],"wp:attachment":[{"href":"https:\/\/crosschildren.org\/de\/wp-json\/wp\/v2\/media?parent=6606"}],"curies":[{"name":"wp","href":"https:\/\/api.w.org\/{rel}","templated":true}]}}