{"id":10924,"date":"2025-12-06T11:55:43","date_gmt":"2025-12-06T11:55:43","guid":{"rendered":"https:\/\/crosschildren.org\/?post_type=product&#038;p=10924"},"modified":"2025-12-06T12:10:26","modified_gmt":"2025-12-06T12:10:26","slug":"anirudh-krish","status":"publish","type":"product","link":"https:\/\/crosschildren.org\/de\/sponsor\/anirudh-krish\/","title":{"rendered":"Anirudh"},"content":{"rendered":"","protected":false},"excerpt":{"rendered":"<p><strong>(monatlich)<\/strong><\/p>\n<p><span style=\"color: #01818a;\"><img decoding=\"async\" class=\"alignnone wp-image-7552\" src=\"https:\/\/crosschildren.org\/wp-content\/uploads\/2023\/06\/CrossChildren_Extrem_Arm_Kind.png\" alt=\"CrossChildren_Extreme_Poor_Child\" width=\"114\" height=\"28\" srcset=\"https:\/\/crosschildren.org\/wp-content\/uploads\/2023\/06\/CrossChildren_Extrem_Arm_Kind.png 267w, https:\/\/crosschildren.org\/wp-content\/uploads\/2023\/06\/CrossChildren_Extrem_Arm_Kind-18x4.png 18w\" sizes=\"(max-width: 114px) 100vw, 114px\" \/>bei<\/span> <a href=\"https:\/\/crosschildren.org\/de\/sponsor\/children-category\/boys-child-sponsorship\/\"><span style=\"color: #6596f7;\"><span style=\"color: #01818a;\"><strong>Jungen<\/strong><\/span><\/span><\/a><\/p>\n<p><strong>Mein Name:<\/strong> Anirudh<br \/>\n<strong>Geburtstag:<\/strong> 27.09.2021<br \/>\n<strong>Klasse:<\/strong> Vorschule<br \/>\n<strong>Meine Vorlieben:<\/strong><br \/>\n\u2022 Ich spiele gerne mit meinen Freunden aus dem Dorf. Dabei haben wir immer viel Spa\u00df.<br \/>\n<strong>Meine Aufgaben zuhause:<\/strong><br \/>\n\u2022 Bei kleinen Dingen kann ich meiner Mutter helfen.<br \/>\n<strong>\u00dcber seine Familie:<\/strong><br \/>\n\u2022 Anirudh lebt mit seinen Eltern zusammen.<br \/>\n\u2022 Der Vater von Anirudh arbeitet als Fischer und geht manchmal auch in der Landwirtschaft als Tagel\u00f6hner arbeiten.<br \/>\n\u2022 Die Mutter bleibt Zuhause und sorgt f\u00fcr ihre Familie und den Haushalt.<br \/>\n<strong>Seine elende Situation:<\/strong><br \/>\n\u2022 Anirudhs Familie lebt in sehr \u00e4rmlichen Verh\u00e4ltnissen.<br \/>\n\u2022 Damit das Einkommen f\u00fcr den n\u00f6tigsten t\u00e4glichen Bedarf ausreicht, muss sein Vater sehr viel arbeiten.<br \/>\n<strong>Der Dank an Dich:<\/strong><br \/>\n\u2022 Anirudh w\u00e4re gerne Dein Patenkind.<br \/>\n\u2022 Es w\u00e4re eine gro\u00dfe Hilfe, wenn noch jemand in dieser weiten Welt sich um Anirudh k\u00fcmmern w\u00fcrde, damit er bald gut die Schule besuchen und in einem besseren Umfeld gro\u00df werden kann.<\/p>","protected":false},"featured_media":10927,"template":"","meta":{"nf_dc_page":""},"product_brand":[],"product_cat":[43,69,67],"product_tag":[102,45],"class_list":{"0":"post-10924","1":"product","2":"type-product","3":"status-publish","4":"has-post-thumbnail","6":"product_cat-children","7":"product_cat-sponsor-a-child-age-4-10","8":"product_cat-boys-child-sponsorship","9":"product_tag-boys","10":"product_tag-children","12":"first","13":"instock","14":"featured","15":"virtual","16":"sold-individually","17":"taxable","18":"purchasable","19":"product-type-simple"},"_links":{"self":[{"href":"https:\/\/crosschildren.org\/de\/wp-json\/wp\/v2\/product\/10924","targetHints":{"allow":["GET"]}}],"collection":[{"href":"https:\/\/crosschildren.org\/de\/wp-json\/wp\/v2\/product"}],"about":[{"href":"https:\/\/crosschildren.org\/de\/wp-json\/wp\/v2\/types\/product"}],"version-history":[{"count":1,"href":"https:\/\/crosschildren.org\/de\/wp-json\/wp\/v2\/product\/10924\/revisions"}],"predecessor-version":[{"id":10925,"href":"https:\/\/crosschildren.org\/de\/wp-json\/wp\/v2\/product\/10924\/revisions\/10925"}],"wp:featuredmedia":[{"embeddable":true,"href":"https:\/\/crosschildren.org\/de\/wp-json\/wp\/v2\/media\/10927"}],"wp:attachment":[{"href":"https:\/\/crosschildren.org\/de\/wp-json\/wp\/v2\/media?parent=10924"}],"wp:term":[{"taxonomy":"product_brand","embeddable":true,"href":"https:\/\/crosschildren.org\/de\/wp-json\/wp\/v2\/product_brand?post=10924"},{"taxonomy":"product_cat","embeddable":true,"href":"https:\/\/crosschildren.org\/de\/wp-json\/wp\/v2\/product_cat?post=10924"},{"taxonomy":"product_tag","embeddable":true,"href":"https:\/\/crosschildren.org\/de\/wp-json\/wp\/v2\/product_tag?post=10924"}],"curies":[{"name":"wp","href":"https:\/\/api.w.org\/{rel}","templated":true}]}}