{"id":10939,"date":"2025-12-06T12:33:04","date_gmt":"2025-12-06T12:33:04","guid":{"rendered":"https:\/\/crosschildren.org\/?post_type=product&#038;p=10939"},"modified":"2025-12-06T12:46:36","modified_gmt":"2025-12-06T12:46:36","slug":"yohan-ven","status":"publish","type":"product","link":"https:\/\/crosschildren.org\/de\/sponsor\/yohan-ven\/","title":{"rendered":"Yohan"},"content":{"rendered":"","protected":false},"excerpt":{"rendered":"<p><strong>(monatlich)<\/strong><\/p>\n<p><span style=\"color: #01818a;\"><img decoding=\"async\" class=\"alignnone wp-image-7552\" src=\"https:\/\/crosschildren.org\/wp-content\/uploads\/2023\/06\/CrossChildren_Extrem_Arm_Kind.png\" alt=\"CrossChildren_Extreme_Poor_Child\" width=\"114\" height=\"28\" srcset=\"https:\/\/crosschildren.org\/wp-content\/uploads\/2023\/06\/CrossChildren_Extrem_Arm_Kind.png 267w, https:\/\/crosschildren.org\/wp-content\/uploads\/2023\/06\/CrossChildren_Extrem_Arm_Kind-18x4.png 18w\" sizes=\"(max-width: 114px) 100vw, 114px\" \/>bei<\/span> <a href=\"https:\/\/crosschildren.org\/de\/sponsor\/children-category\/boys-child-sponsorship\/\"><span style=\"color: #6596f7;\"><span style=\"color: #01818a;\"><strong>Jungen<\/strong><\/span><\/span><\/a><\/p>\n<p><strong>Mein Name:<\/strong> Yohan<br \/>\n<strong>Geburtstag:<\/strong> 25.01.2015<br \/>\n<strong>Klasse:<\/strong> 6.Klasse<br \/>\n<strong>Meine Vorlieben:<\/strong><br \/>\n\u2022 Ich treffe mich gerne mit meinen Freunden, um mit ihnen Cricket und andere indische Stra\u00dfenspiele zu spielen.<br \/>\n\u2022 Auch gehe ich gerne in unsere christliche Gemeinde, wo wir viel singen und in der Bibel lesen. Ich freue mich, dass ich in der Schule lesen lernen durfte.<br \/>\n<strong>Meine Aufgaben zuhause:<\/strong><br \/>\n\u2022 Meine Mutter gibt mir verschiedene Aufgaben, die ich erledigen soll.<br \/>\n\u2022 Au\u00dferdem helfe ich meinen Eltern das Feuerholz aus dem Wald zu sammeln. Dies ben\u00f6tigen wir, um \u00fcber dem Feuer unsere Mahlzeiten zu kochen.<br \/>\n<strong>\u00dcber meine Familie:<\/strong><br \/>\n\u2022 Zuhause wohne ich mit meinen Eltern und meinem \u00e4lteren Bruder zusammen.<br \/>\n\u2022 Mein Vater hat Arbeit in der Landwirtschaft (Tagel\u00f6hner) und ist meist den ganzen Tag nicht zuhause. W\u00e4hrend der Zeit k\u00fcmmert sich meine Mutter um uns.<br \/>\n<strong>Meine besondere Situation:<\/strong><br \/>\n\u2022 Wir haben nur ein kleines Haus und leiden unter sehr \u00e4rmlichen Umst\u00e4nden. Es ist mit einfachen Steinen gebaut und ist mit einem Blechdach abgedeckt.<br \/>\n\u2022 Die Schulaufgaben erledige ich auf dem Boden, der durch den vielen lehmigen Staub oft sehr dreckig ist.<br \/>\n<strong>Mein Dank an Dich:<\/strong><br \/>\n\u2022 Ich w\u00e4re sehr gl\u00fccklich, wenn Du mein Pate werden k\u00f6nntest.<br \/>\n\u2022 Wir k\u00f6nnten unser Haus ausbessern und w\u00fcrden unsere \u00e4rmlichen Verh\u00e4ltnisse stark verbessern k\u00f6nnen. Dein mitf\u00fchlendes Herz bedeutet uns sehr viel!<\/p>","protected":false},"featured_media":10942,"template":"","meta":{"nf_dc_page":""},"product_brand":[],"product_cat":[43,69,67],"product_tag":[102,45],"class_list":{"0":"post-10939","1":"product","2":"type-product","3":"status-publish","4":"has-post-thumbnail","6":"product_cat-children","7":"product_cat-sponsor-a-child-age-4-10","8":"product_cat-boys-child-sponsorship","9":"product_tag-boys","10":"product_tag-children","12":"first","13":"instock","14":"featured","15":"virtual","16":"sold-individually","17":"taxable","18":"purchasable","19":"product-type-simple"},"_links":{"self":[{"href":"https:\/\/crosschildren.org\/de\/wp-json\/wp\/v2\/product\/10939","targetHints":{"allow":["GET"]}}],"collection":[{"href":"https:\/\/crosschildren.org\/de\/wp-json\/wp\/v2\/product"}],"about":[{"href":"https:\/\/crosschildren.org\/de\/wp-json\/wp\/v2\/types\/product"}],"version-history":[{"count":3,"href":"https:\/\/crosschildren.org\/de\/wp-json\/wp\/v2\/product\/10939\/revisions"}],"predecessor-version":[{"id":10947,"href":"https:\/\/crosschildren.org\/de\/wp-json\/wp\/v2\/product\/10939\/revisions\/10947"}],"wp:featuredmedia":[{"embeddable":true,"href":"https:\/\/crosschildren.org\/de\/wp-json\/wp\/v2\/media\/10942"}],"wp:attachment":[{"href":"https:\/\/crosschildren.org\/de\/wp-json\/wp\/v2\/media?parent=10939"}],"wp:term":[{"taxonomy":"product_brand","embeddable":true,"href":"https:\/\/crosschildren.org\/de\/wp-json\/wp\/v2\/product_brand?post=10939"},{"taxonomy":"product_cat","embeddable":true,"href":"https:\/\/crosschildren.org\/de\/wp-json\/wp\/v2\/product_cat?post=10939"},{"taxonomy":"product_tag","embeddable":true,"href":"https:\/\/crosschildren.org\/de\/wp-json\/wp\/v2\/product_tag?post=10939"}],"curies":[{"name":"wp","href":"https:\/\/api.w.org\/{rel}","templated":true}]}}