{"id":5278,"date":"2023-04-25T18:19:37","date_gmt":"2023-04-25T18:19:37","guid":{"rendered":"https:\/\/crosschildren.org\/?post_type=product&#038;p=5278"},"modified":"2023-06-27T19:22:08","modified_gmt":"2023-06-27T19:22:08","slug":"special-gift","status":"publish","type":"product","link":"https:\/\/crosschildren.org\/de\/sponsor\/special-gift\/","title":{"rendered":"Das besondere Geschenk"},"content":{"rendered":"","protected":false},"excerpt":{"rendered":"<p><span style=\"color: #01818a;\"><img decoding=\"async\" class=\"\" src=\"https:\/\/crosschildren.org\/wp-content\/uploads\/2023\/06\/CrossChildren.org_Tipp_Geschenke.png\" width=\"126\" height=\"31\" \/>bei<\/span> <a href=\"https:\/\/crosschildren.org\/de\/sponsor\/children-category\/gifts\/\"><span style=\"color: #6596f7;\"><span style=\"color: #01818a;\"><strong>Geschenke<\/strong><\/span><\/span><\/a><\/p>\n<ul>\n<li>Hast Du grosses Mitgef\u00fchl und Erbarmen mit Deinem Patenkind und seiner Familie und m\u00f6chtest einfach ein Geschenk machen?<\/li>\n<li>Oder hast Du in Deinem Leben Erfolg gehabt und etwas erreicht und willst es mit Deinem Patenkind teilen?<\/li>\n<li>Oder ist in Deinem Leben etwas Besonderes passiert und Du m\u00f6chtest Dein Patenkind und seine Familie daran teilhaben lassen?<\/li>\n<li>Dann kannst Du jetzt Dein Patenkind mit einem besonderen Geschenk \u00fcberraschen und f\u00fcr seine Familie eine gro\u00dfe Hilfe sein.<\/li>\n<\/ul>","protected":false},"featured_media":5484,"template":"","meta":{"nf_dc_page":""},"product_brand":[],"product_cat":[75],"product_tag":[76,80,79],"class_list":{"0":"post-5278","1":"product","2":"type-product","3":"status-publish","4":"has-post-thumbnail","6":"product_cat-gifts","7":"product_tag-gifts","8":"product_tag-special","9":"product_tag-special-gift","10":"wcpa_has_options","12":"first","13":"instock","14":"sale","15":"sold-individually","16":"taxable","17":"shipping-taxable","18":"purchasable","19":"product-type-variable"},"_links":{"self":[{"href":"https:\/\/crosschildren.org\/de\/wp-json\/wp\/v2\/product\/5278","targetHints":{"allow":["GET"]}}],"collection":[{"href":"https:\/\/crosschildren.org\/de\/wp-json\/wp\/v2\/product"}],"about":[{"href":"https:\/\/crosschildren.org\/de\/wp-json\/wp\/v2\/types\/product"}],"version-history":[{"count":3,"href":"https:\/\/crosschildren.org\/de\/wp-json\/wp\/v2\/product\/5278\/revisions"}],"predecessor-version":[{"id":7578,"href":"https:\/\/crosschildren.org\/de\/wp-json\/wp\/v2\/product\/5278\/revisions\/7578"}],"wp:featuredmedia":[{"embeddable":true,"href":"https:\/\/crosschildren.org\/de\/wp-json\/wp\/v2\/media\/5484"}],"wp:attachment":[{"href":"https:\/\/crosschildren.org\/de\/wp-json\/wp\/v2\/media?parent=5278"}],"wp:term":[{"taxonomy":"product_brand","embeddable":true,"href":"https:\/\/crosschildren.org\/de\/wp-json\/wp\/v2\/product_brand?post=5278"},{"taxonomy":"product_cat","embeddable":true,"href":"https:\/\/crosschildren.org\/de\/wp-json\/wp\/v2\/product_cat?post=5278"},{"taxonomy":"product_tag","embeddable":true,"href":"https:\/\/crosschildren.org\/de\/wp-json\/wp\/v2\/product_tag?post=5278"}],"curies":[{"name":"wp","href":"https:\/\/api.w.org\/{rel}","templated":true}]}}