{"id":5290,"date":"2023-04-25T18:29:29","date_gmt":"2023-04-25T18:29:29","guid":{"rendered":"https:\/\/crosschildren.org\/?post_type=product&#038;p=5290"},"modified":"2023-08-31T18:51:22","modified_gmt":"2023-08-31T18:51:22","slug":"apprenticeship-graduation-gift","status":"publish","type":"product","link":"https:\/\/crosschildren.org\/de\/sponsor\/apprenticeship-graduation-gift\/","title":{"rendered":"Geschenk zum Ausbildungsabschluss"},"content":{"rendered":"","protected":false},"excerpt":{"rendered":"<p><span style=\"color: #01818a;\"><img decoding=\"async\" class=\"\" src=\"https:\/\/crosschildren.org\/wp-content\/uploads\/2023\/06\/CrossChildren_Gifts_Prime_Geschenk.png\" width=\"105\" height=\"26\" \/>bei<\/span> <a href=\"https:\/\/crosschildren.org\/de\/sponsor\/children-category\/gifts\/\"><span style=\"color: #6596f7;\"><span style=\"color: #01818a;\"><strong>Geschenke<\/strong><\/span><\/span><\/a><\/p>\n<ul>\n<li>Bist Du informiert, dass Dein Patenkind die Ausbildung abgeschlossen hat? Gro\u00dfartig!<\/li>\n<li>Dein Patenkind hat durch Deine treue Unterst\u00fctzung und Hilfe das angestrebte Ziel erreicht. Gl\u00fccklich und dankbar ist Dein Patenkind Dir, dass Du ein Wegbereiter in seinem Leben bist.<\/li>\n<li>Gott wird Dir Deinen Lohn und Segen daf\u00fcr geben, was Du im Leben des Patenkindes bewirkt hast. Jetzt kann Dein Patenkind auf eigenen F\u00fc\u00dfen stehen und Verantwortung f\u00fcr sein Leben \u00fcbernehmen.<\/li>\n<li>Willst Du Deinem Patenkind jetzt gratulieren und ein Geschenk zu diesem besonderen Abschluss geben? Wenn ja, warum nicht heute?<\/li>\n<li>Wenn Du Deinem Patenkind zum Abschluss der Ausbildung schreiben m\u00f6chtest, kannst Du einen Brief oder eine Karte schreiben, danach scannen und hochladen im Portal \u201a\u201aMein Patenkind\u2018\u2018. Format: jpg, pdf, png.<\/li>\n<li>Sei dabei und zeige Deine Anerkennung zu dieser tollen Entwicklung und mache ihm eine Freude.<\/li>\n<\/ul>","protected":false},"featured_media":7901,"template":"","meta":{"nf_dc_page":""},"product_brand":[],"product_cat":[75],"product_tag":[81,82,76,77,78],"class_list":{"0":"post-5290","1":"product","2":"type-product","3":"status-publish","4":"has-post-thumbnail","6":"product_cat-gifts","7":"product_tag-apprenticeship","8":"product_tag-apprenticeship-gift","9":"product_tag-gifts","10":"product_tag-graduation","11":"product_tag-graduation-gift","12":"wcpa_has_options","14":"first","15":"instock","16":"sale","17":"sold-individually","18":"taxable","19":"shipping-taxable","20":"purchasable","21":"product-type-variable"},"_links":{"self":[{"href":"https:\/\/crosschildren.org\/de\/wp-json\/wp\/v2\/product\/5290","targetHints":{"allow":["GET"]}}],"collection":[{"href":"https:\/\/crosschildren.org\/de\/wp-json\/wp\/v2\/product"}],"about":[{"href":"https:\/\/crosschildren.org\/de\/wp-json\/wp\/v2\/types\/product"}],"version-history":[{"count":3,"href":"https:\/\/crosschildren.org\/de\/wp-json\/wp\/v2\/product\/5290\/revisions"}],"predecessor-version":[{"id":7575,"href":"https:\/\/crosschildren.org\/de\/wp-json\/wp\/v2\/product\/5290\/revisions\/7575"}],"wp:featuredmedia":[{"embeddable":true,"href":"https:\/\/crosschildren.org\/de\/wp-json\/wp\/v2\/media\/7901"}],"wp:attachment":[{"href":"https:\/\/crosschildren.org\/de\/wp-json\/wp\/v2\/media?parent=5290"}],"wp:term":[{"taxonomy":"product_brand","embeddable":true,"href":"https:\/\/crosschildren.org\/de\/wp-json\/wp\/v2\/product_brand?post=5290"},{"taxonomy":"product_cat","embeddable":true,"href":"https:\/\/crosschildren.org\/de\/wp-json\/wp\/v2\/product_cat?post=5290"},{"taxonomy":"product_tag","embeddable":true,"href":"https:\/\/crosschildren.org\/de\/wp-json\/wp\/v2\/product_tag?post=5290"}],"curies":[{"name":"wp","href":"https:\/\/api.w.org\/{rel}","templated":true}]}}