{"id":5318,"date":"2023-04-25T18:59:03","date_gmt":"2023-04-25T18:59:03","guid":{"rendered":"https:\/\/crosschildren.org\/?post_type=product&#038;p=5318"},"modified":"2023-08-31T18:18:24","modified_gmt":"2023-08-31T18:18:24","slug":"family-gift","status":"publish","type":"product","link":"https:\/\/crosschildren.org\/de\/sponsor\/family-gift\/","title":{"rendered":"Familiengeschenk"},"content":{"rendered":"","protected":false},"excerpt":{"rendered":"<p><span style=\"color: #01818a;\"><img decoding=\"async\" class=\"\" src=\"https:\/\/crosschildren.org\/wp-content\/uploads\/2023\/06\/CrossChildren.org_Geschenke_Am_Meisten_geschenkt.png\" width=\"118\" height=\"29\" \/>bei<\/span> <a href=\"https:\/\/crosschildren.org\/de\/sponsor\/children-category\/gifts\/\"><span style=\"color: #6596f7;\"><span style=\"color: #01818a;\"><strong>Geschenke<\/strong><\/span><\/span><\/a><\/p>\n<ul>\n<li>Du wei\u00dft, wie schwer es f\u00fcr die Familie des Patenkindes ist, solch ein Leben in elender Armut zu bestreiten. Da geht es jeden Tag ums \u00dcberleben.<\/li>\n<li>M\u00f6chtest Du ein wenig die Familie Deines Patenkindes unterst\u00fctzen und ihnen beistehen? Wenn ja, dann kannst Du jetzt direkt mitwirken.<\/li>\n<li>Gib der Familie durch Deine Gabe den Trost und die Freude, dass jemand teilnimmt an ihrer Not und ein Herz hat, um zu helfen bei ihren Grundbed\u00fcrfnissen.<\/li>\n<\/ul>","protected":false},"featured_media":7898,"template":"","meta":{"nf_dc_page":""},"product_brand":[],"product_cat":[75],"product_tag":[86,87,76],"class_list":{"0":"post-5318","1":"product","2":"type-product","3":"status-publish","4":"has-post-thumbnail","6":"product_cat-gifts","7":"product_tag-family-gift","8":"product_tag-gift-for-a-family","9":"product_tag-gifts","10":"wcpa_has_options","12":"first","13":"instock","14":"sale","15":"sold-individually","16":"taxable","17":"shipping-taxable","18":"purchasable","19":"product-type-variable"},"_links":{"self":[{"href":"https:\/\/crosschildren.org\/de\/wp-json\/wp\/v2\/product\/5318","targetHints":{"allow":["GET"]}}],"collection":[{"href":"https:\/\/crosschildren.org\/de\/wp-json\/wp\/v2\/product"}],"about":[{"href":"https:\/\/crosschildren.org\/de\/wp-json\/wp\/v2\/types\/product"}],"version-history":[{"count":2,"href":"https:\/\/crosschildren.org\/de\/wp-json\/wp\/v2\/product\/5318\/revisions"}],"predecessor-version":[{"id":7563,"href":"https:\/\/crosschildren.org\/de\/wp-json\/wp\/v2\/product\/5318\/revisions\/7563"}],"wp:featuredmedia":[{"embeddable":true,"href":"https:\/\/crosschildren.org\/de\/wp-json\/wp\/v2\/media\/7898"}],"wp:attachment":[{"href":"https:\/\/crosschildren.org\/de\/wp-json\/wp\/v2\/media?parent=5318"}],"wp:term":[{"taxonomy":"product_brand","embeddable":true,"href":"https:\/\/crosschildren.org\/de\/wp-json\/wp\/v2\/product_brand?post=5318"},{"taxonomy":"product_cat","embeddable":true,"href":"https:\/\/crosschildren.org\/de\/wp-json\/wp\/v2\/product_cat?post=5318"},{"taxonomy":"product_tag","embeddable":true,"href":"https:\/\/crosschildren.org\/de\/wp-json\/wp\/v2\/product_tag?post=5318"}],"curies":[{"name":"wp","href":"https:\/\/api.w.org\/{rel}","templated":true}]}}