{"id":5327,"date":"2023-04-25T19:06:07","date_gmt":"2023-04-25T19:06:07","guid":{"rendered":"https:\/\/crosschildren.org\/?post_type=product&#038;p=5327"},"modified":"2023-08-31T18:15:15","modified_gmt":"2023-08-31T18:15:15","slug":"baptism-gift","status":"publish","type":"product","link":"https:\/\/crosschildren.org\/de\/sponsor\/baptism-gift\/","title":{"rendered":"Geschenk zur Taufe"},"content":{"rendered":"","protected":false},"excerpt":{"rendered":"<p><span style=\"color: #01818a;\"><img decoding=\"async\" class=\"\" src=\"https:\/\/crosschildren.org\/wp-content\/uploads\/2023\/06\/CrossChildren.org_Tipp_Geschenke.png\" width=\"126\" height=\"31\" \/>bei<\/span> <a href=\"https:\/\/crosschildren.org\/de\/sponsor\/children-category\/gifts\/\"><span style=\"color: #6596f7;\"><span style=\"color: #01818a;\"><strong>Geschenke<\/strong><\/span><\/span><\/a><\/p>\n<ul>\n<li>Bist du dar\u00fcber in \u201eMein Patenkind\u201c-Portal informiert, wann Dein Patenkind getauft wird? Wundersch\u00f6n!<\/li>\n<li>Welch Grund zur Freude, dass sich Dein Kind f\u00fcr den Herrn Jesus entschieden hat und \u00f6ffentlich verk\u00fcndet, dass es ihm geh\u00f6rt.<\/li>\n<li>Das ist ein besonderer Tag! Wir werden Dir Fotos von diesem Tag in \u201eMein Patenkind\u201c hochladen und Du kannst diese jederzeit ansehen oder auch herunterladen.<\/li>\n<li>Wenn Du Deinem Patenkind gratulieren oder Alles Gute usw. w\u00fcnschen m\u00f6chtest, kannst Du einen Brief oder eine Karte schreiben, danach scannen und hochladen in \u201a\u201aMein Patenkind\u2018\u2018-Portal. Format: jpg, pdf, png.<\/li>\n<li>Anmerkung: bitte versuche dieses Geschenk vor dem Tag der Taufe Deines Patenkindes, so fr\u00fch wie m\u00f6glich zu spenden, so dass wir rechtzeitig an diesem Tag das Kind erreichen k\u00f6nnen. Ansonsten bekommt das Kind das Geschenk nach diesem Ereignis so bald wie m\u00f6glich.<\/li>\n<li>Gib Deinem Patenkind heute ein Geschenk und mache ihm diesen Tag ganz besonders und unvergesslich! Somit wei\u00df Dein Patenkind, dass jemand liebevoll an es denkt und anhaltend zu Gott f\u00fcr sie \/ ihn betet.<\/li>\n<li>Du warst und bist ein Segen f\u00fcr Dein Patenkind und nun darfst Du die Fr\u00fcchte davon sehen, dass es dem Herrn Jesus nachfolgen will. Der HERR wird Dir Deinen Dienst und Deine Barmherzigkeit lohnen!<\/li>\n<\/ul>","protected":false},"featured_media":7897,"template":"","meta":{"nf_dc_page":""},"product_brand":[],"product_cat":[75],"product_tag":[89,88,76],"class_list":{"0":"post-5327","1":"product","2":"type-product","3":"status-publish","4":"has-post-thumbnail","6":"product_cat-gifts","7":"product_tag-baptism","8":"product_tag-baptism-gift","9":"product_tag-gifts","10":"wcpa_has_options","12":"first","13":"instock","14":"sale","15":"sold-individually","16":"taxable","17":"shipping-taxable","18":"purchasable","19":"product-type-variable"},"_links":{"self":[{"href":"https:\/\/crosschildren.org\/de\/wp-json\/wp\/v2\/product\/5327","targetHints":{"allow":["GET"]}}],"collection":[{"href":"https:\/\/crosschildren.org\/de\/wp-json\/wp\/v2\/product"}],"about":[{"href":"https:\/\/crosschildren.org\/de\/wp-json\/wp\/v2\/types\/product"}],"version-history":[{"count":2,"href":"https:\/\/crosschildren.org\/de\/wp-json\/wp\/v2\/product\/5327\/revisions"}],"predecessor-version":[{"id":7579,"href":"https:\/\/crosschildren.org\/de\/wp-json\/wp\/v2\/product\/5327\/revisions\/7579"}],"wp:featuredmedia":[{"embeddable":true,"href":"https:\/\/crosschildren.org\/de\/wp-json\/wp\/v2\/media\/7897"}],"wp:attachment":[{"href":"https:\/\/crosschildren.org\/de\/wp-json\/wp\/v2\/media?parent=5327"}],"wp:term":[{"taxonomy":"product_brand","embeddable":true,"href":"https:\/\/crosschildren.org\/de\/wp-json\/wp\/v2\/product_brand?post=5327"},{"taxonomy":"product_cat","embeddable":true,"href":"https:\/\/crosschildren.org\/de\/wp-json\/wp\/v2\/product_cat?post=5327"},{"taxonomy":"product_tag","embeddable":true,"href":"https:\/\/crosschildren.org\/de\/wp-json\/wp\/v2\/product_tag?post=5327"}],"curies":[{"name":"wp","href":"https:\/\/api.w.org\/{rel}","templated":true}]}}