{"id":5336,"date":"2023-04-25T19:11:41","date_gmt":"2023-04-25T19:11:41","guid":{"rendered":"https:\/\/crosschildren.org\/?post_type=product&#038;p=5336"},"modified":"2023-06-27T19:17:22","modified_gmt":"2023-06-27T19:17:22","slug":"new-year-gift","status":"publish","type":"product","link":"https:\/\/crosschildren.org\/de\/sponsor\/new-year-gift\/","title":{"rendered":"Neujahrsgeschenk"},"content":{"rendered":"","protected":false},"excerpt":{"rendered":"<p><span style=\"color: #01818a;\"><img decoding=\"async\" class=\"\" src=\"https:\/\/crosschildren.org\/wp-content\/uploads\/2023\/06\/CrossChildren_Gifts_Prime_Geschenk.png\" width=\"105\" height=\"26\" \/>bei<\/span> <a href=\"https:\/\/crosschildren.org\/de\/sponsor\/children-category\/gifts\/\"><span style=\"color: #6596f7;\"><span style=\"color: #01818a;\"><strong>Geschenke<\/strong><\/span><\/span><\/a><\/p>\n<ul>\n<li>Zu Beginn eines neuen Jahres w\u00fcnsche Deinem Patenkind, dass es ein gutes Jahr werden m\u00f6ge und die Beziehung zu ihm nun Erleichterung bringen m\u00f6chte in seinem Leben.<\/li>\n<li>Schreibe einfach Deine W\u00fcnsche und Gr\u00fc\u00dfe Deinem Patenkind mit einem Geschenk.<\/li>\n<li>Wenn Du dem Kind zum neuen Jahr schreiben m\u00f6chtest, kannst Du einen Brief oder eine Karte schreiben, danach scannen und hochladen im Portal \u201a\u201aMein Patenkind\u2018\u2018. Format: jpg, pdf, png.<\/li>\n<li>Durch diese Aufmerksamkeit zu Beginn eines neuen Jahres erlebt Dein Patenkind Wertsch\u00e4tzung, Angenommensein und Trost in seinen \u00e4rmlichen Verh\u00e4ltnissen und wird dadurch ermutigt und wird zuversichtlich sein, dass mit Deiner Unterst\u00fctzung nun alles besser werden wird. Freude machen macht Freude!<\/li>\n<\/ul>","protected":false},"featured_media":5471,"template":"","meta":{"nf_dc_page":""},"product_brand":[],"product_cat":[75],"product_tag":[76,91,90,92],"class_list":{"0":"post-5336","1":"product","2":"type-product","3":"status-publish","4":"has-post-thumbnail","6":"product_cat-gifts","7":"product_tag-gifts","8":"product_tag-new-year","9":"product_tag-new-year-gift","10":"product_tag-new-year-present","11":"wcpa_has_options","13":"first","14":"instock","15":"sale","16":"sold-individually","17":"taxable","18":"shipping-taxable","19":"purchasable","20":"product-type-variable"},"_links":{"self":[{"href":"https:\/\/crosschildren.org\/de\/wp-json\/wp\/v2\/product\/5336","targetHints":{"allow":["GET"]}}],"collection":[{"href":"https:\/\/crosschildren.org\/de\/wp-json\/wp\/v2\/product"}],"about":[{"href":"https:\/\/crosschildren.org\/de\/wp-json\/wp\/v2\/types\/product"}],"version-history":[{"count":3,"href":"https:\/\/crosschildren.org\/de\/wp-json\/wp\/v2\/product\/5336\/revisions"}],"predecessor-version":[{"id":7573,"href":"https:\/\/crosschildren.org\/de\/wp-json\/wp\/v2\/product\/5336\/revisions\/7573"}],"wp:featuredmedia":[{"embeddable":true,"href":"https:\/\/crosschildren.org\/de\/wp-json\/wp\/v2\/media\/5471"}],"wp:attachment":[{"href":"https:\/\/crosschildren.org\/de\/wp-json\/wp\/v2\/media?parent=5336"}],"wp:term":[{"taxonomy":"product_brand","embeddable":true,"href":"https:\/\/crosschildren.org\/de\/wp-json\/wp\/v2\/product_brand?post=5336"},{"taxonomy":"product_cat","embeddable":true,"href":"https:\/\/crosschildren.org\/de\/wp-json\/wp\/v2\/product_cat?post=5336"},{"taxonomy":"product_tag","embeddable":true,"href":"https:\/\/crosschildren.org\/de\/wp-json\/wp\/v2\/product_tag?post=5336"}],"curies":[{"name":"wp","href":"https:\/\/api.w.org\/{rel}","templated":true}]}}