{"id":5345,"date":"2023-04-25T19:15:58","date_gmt":"2023-04-25T19:15:58","guid":{"rendered":"https:\/\/crosschildren.org\/?post_type=product&#038;p=5345"},"modified":"2023-06-27T18:49:46","modified_gmt":"2023-06-27T18:49:46","slug":"christmas-gift","status":"publish","type":"product","link":"https:\/\/crosschildren.org\/de\/sponsor\/christmas-gift\/","title":{"rendered":"Weihnachtsgeschenk"},"content":{"rendered":"","protected":false},"excerpt":{"rendered":"<p><span style=\"color: #01818a;\"><img decoding=\"async\" class=\"\" src=\"https:\/\/crosschildren.org\/wp-content\/uploads\/2023\/06\/CrossChildren.org_Geschenke_Am_Meisten_geschenkt.png\" width=\"118\" height=\"29\" \/>bei<\/span> <a href=\"https:\/\/crosschildren.org\/de\/sponsor\/children-category\/gifts\/\"><span style=\"color: #6596f7;\"><span style=\"color: #01818a;\"><strong>Geschenke<\/strong><\/span><\/span><\/a><\/p>\n<ul>\n<li>An Weihnachten treffen sich alle in der Familie. Wenn Du Kinder hast, dann hast Du echte Freude. Aber hat Dein Patenkind Freude? M\u00f6chtest Du es auch in dieser Zeit miteinbeziehen?<\/li>\n<li>Lass bitte Dein Patenkind Dich nicht vermissen w\u00e4hrend dieser Zeit.<\/li>\n<li>Schreib ihm eine Karte und schenke ihm etwas, so dass es wei\u00df, dass da jemand ist in dieser weiten Welt, der in Liebe besonders an es denkt.<\/li>\n<li>Wenn Du Deinem Patenkind w\u00e4hrend der Weihnachtszeit schreiben m\u00f6chtest, kannst Du einen Brief oder eine Karte schreiben, danach scannen und hochladen im Portal \u201a\u201aMein Patenkind\u2018\u2018. Format: jpg, pdf, png.<\/li>\n<li>Mache Deinem Patenkind eine Weihnachtsfreude durch Dein Geschenk und es wird verstehen, dass Liebe direkt aus Deinem Herzen kommt. Und die Freude dar\u00fcber, dass der Himmel die Erde besuchte, indem Jesus Christus Mensch wurde, wird auch an Weihnachten das Herz des Kindes ber\u00fchren, wenn es Liebe tats\u00e4chlich erf\u00e4hrt.<\/li>\n<\/ul>","protected":false},"featured_media":5470,"template":"","meta":{"nf_dc_page":""},"product_brand":[],"product_cat":[75],"product_tag":[94,93,76],"class_list":{"0":"post-5345","1":"product","2":"type-product","3":"status-publish","4":"has-post-thumbnail","6":"product_cat-gifts","7":"product_tag-christmas","8":"product_tag-christmas-gift","9":"product_tag-gifts","10":"wcpa_has_options","12":"first","13":"instock","14":"sale","15":"sold-individually","16":"taxable","17":"shipping-taxable","18":"purchasable","19":"product-type-variable"},"_links":{"self":[{"href":"https:\/\/crosschildren.org\/de\/wp-json\/wp\/v2\/product\/5345","targetHints":{"allow":["GET"]}}],"collection":[{"href":"https:\/\/crosschildren.org\/de\/wp-json\/wp\/v2\/product"}],"about":[{"href":"https:\/\/crosschildren.org\/de\/wp-json\/wp\/v2\/types\/product"}],"version-history":[{"count":2,"href":"https:\/\/crosschildren.org\/de\/wp-json\/wp\/v2\/product\/5345\/revisions"}],"predecessor-version":[{"id":7562,"href":"https:\/\/crosschildren.org\/de\/wp-json\/wp\/v2\/product\/5345\/revisions\/7562"}],"wp:featuredmedia":[{"embeddable":true,"href":"https:\/\/crosschildren.org\/de\/wp-json\/wp\/v2\/media\/5470"}],"wp:attachment":[{"href":"https:\/\/crosschildren.org\/de\/wp-json\/wp\/v2\/media?parent=5345"}],"wp:term":[{"taxonomy":"product_brand","embeddable":true,"href":"https:\/\/crosschildren.org\/de\/wp-json\/wp\/v2\/product_brand?post=5345"},{"taxonomy":"product_cat","embeddable":true,"href":"https:\/\/crosschildren.org\/de\/wp-json\/wp\/v2\/product_cat?post=5345"},{"taxonomy":"product_tag","embeddable":true,"href":"https:\/\/crosschildren.org\/de\/wp-json\/wp\/v2\/product_tag?post=5345"}],"curies":[{"name":"wp","href":"https:\/\/api.w.org\/{rel}","templated":true}]}}