{"id":5354,"date":"2023-04-25T19:20:21","date_gmt":"2023-04-25T19:20:21","guid":{"rendered":"https:\/\/crosschildren.org\/?post_type=product&#038;p=5354"},"modified":"2023-06-27T18:44:53","modified_gmt":"2023-06-27T18:44:53","slug":"birthday-gift","status":"publish","type":"product","link":"https:\/\/crosschildren.org\/de\/sponsor\/birthday-gift\/","title":{"rendered":"Geburtstagsgeschenk"},"content":{"rendered":"","protected":false},"excerpt":{"rendered":"<p><span style=\"color: #01818a;\"><img decoding=\"async\" class=\"\" src=\"https:\/\/crosschildren.org\/wp-content\/uploads\/2023\/06\/CrossChildren.org_Geschenke_Am_Meisten_geschenkt.png\" width=\"118\" height=\"29\" \/>bei<\/span> <a href=\"https:\/\/crosschildren.org\/de\/sponsor\/children-category\/gifts\/\"><span style=\"color: #6596f7;\"><span style=\"color: #01818a;\"><strong>Geschenke<\/strong><\/span><\/span><\/a><\/p>\n<ul>\n<li>Der Geburtstag ist f\u00fcr jeden ein besonderer Tag. Gott l\u00e4sst das Kind ein neues Lebensjahr beginnen. Ob kleine oder gro\u00dfe Leute, junge oder alte, f\u00fcr jeden gilt: \u201eMeine Zeit steht in deinen H\u00e4nden\u201c, Psalm 31, 16.<\/li>\n<li>Wenn Du schon ein Patenkind hast, wei\u00dft Du sicherlich den Geburtstag des Kindes.<\/li>\n<li>M\u00f6chtest Du Deinem Patenkind an diesem besonderen Tag eine Freude machen? Wie sehr w\u00fcrde sich das Kind freuen \u00fcber Deine Gr\u00fc\u00dfe und Dein Geschenk! Jemand denkt an den Geburtstag von einem anderen Teil der Welt, - das ist eine tolle Aufmerksamkeit, das in den \u00e4rmlichen Verh\u00e4ltnissen ein Kind motiviert und begl\u00fcckt.<\/li>\n<li>Wenn Du dem Kind gratulieren m\u00f6chtest, kannst Du einen Brief oder eine Karte schreiben, danach scannen und hochladen im Portal \u201a\u201aMein Patenkind\u201c. Format: jpg, pdf, png.<\/li>\n<li>Anmerkung: bitte versuche dieses Geschenk vor dem Geburtstag Deines Patenkindes so fr\u00fch wie m\u00f6glich zu spenden, so dass wir rechtzeitig an diesem Tag das Kind erreichen k\u00f6nnen. Ansonsten bekommt es nach dem Geburtstag, so bald wie m\u00f6glich, Dein Geschenk.<\/li>\n<li>Mache Deinem Patenkind eine Freude und sein Geburtstag wird immer in gl\u00fccklicher Erinnerung bleiben.<\/li>\n<\/ul>","protected":false},"featured_media":5469,"template":"","meta":{"nf_dc_page":""},"product_brand":[],"product_cat":[75],"product_tag":[96,95,76],"class_list":{"0":"post-5354","1":"product","2":"type-product","3":"status-publish","4":"has-post-thumbnail","6":"product_cat-gifts","7":"product_tag-birthday","8":"product_tag-birthday-gift","9":"product_tag-gifts","10":"wcpa_has_options","12":"first","13":"instock","14":"sale","15":"sold-individually","16":"taxable","17":"shipping-taxable","18":"purchasable","19":"product-type-variable"},"_links":{"self":[{"href":"https:\/\/crosschildren.org\/de\/wp-json\/wp\/v2\/product\/5354","targetHints":{"allow":["GET"]}}],"collection":[{"href":"https:\/\/crosschildren.org\/de\/wp-json\/wp\/v2\/product"}],"about":[{"href":"https:\/\/crosschildren.org\/de\/wp-json\/wp\/v2\/types\/product"}],"version-history":[{"count":3,"href":"https:\/\/crosschildren.org\/de\/wp-json\/wp\/v2\/product\/5354\/revisions"}],"predecessor-version":[{"id":7561,"href":"https:\/\/crosschildren.org\/de\/wp-json\/wp\/v2\/product\/5354\/revisions\/7561"}],"wp:featuredmedia":[{"embeddable":true,"href":"https:\/\/crosschildren.org\/de\/wp-json\/wp\/v2\/media\/5469"}],"wp:attachment":[{"href":"https:\/\/crosschildren.org\/de\/wp-json\/wp\/v2\/media?parent=5354"}],"wp:term":[{"taxonomy":"product_brand","embeddable":true,"href":"https:\/\/crosschildren.org\/de\/wp-json\/wp\/v2\/product_brand?post=5354"},{"taxonomy":"product_cat","embeddable":true,"href":"https:\/\/crosschildren.org\/de\/wp-json\/wp\/v2\/product_cat?post=5354"},{"taxonomy":"product_tag","embeddable":true,"href":"https:\/\/crosschildren.org\/de\/wp-json\/wp\/v2\/product_tag?post=5354"}],"curies":[{"name":"wp","href":"https:\/\/api.w.org\/{rel}","templated":true}]}}